{"id":606,"date":"2016-03-16T22:10:30","date_gmt":"2016-03-16T20:10:30","guid":{"rendered":"https:\/\/oelfsreisen.wordpress.com\/?page_id=606"},"modified":"2020-11-08T15:38:51","modified_gmt":"2020-11-08T14:38:51","slug":"willkommen-bei-oelfs-reisen-2","status":"publish","type":"page","link":"https:\/\/xn--lfsreisen-z7a.de\/?page_id=606","title":{"rendered":"Willkommen bei \u00d6lfs Reisen"},"content":{"rendered":"<p>An dieser Stelle soll dokumentiert werden, welche kleineren oder gr\u00f6\u00dferen Ausfl\u00fcge \u00d6lf so in seinem Leben als Mitreisender in unserem gro\u00dfartigen Spacecamper gemacht hat.<\/p>\n<p>Da wir hin und wieder auf offiziellen Campingpl\u00e4tzen \u00fcbernachten, versuche ich gelegentlich, die Eigenschaften und Vorz\u00fcge, die wir vor Ort vorfanden, kurz zu dokumentieren. Ich bin auch immer froh, wenn ich bei der Suche nach neuen sch\u00f6nen Pl\u00e4tzen irgendwelche Beschreibungen dieser Art finde.<\/p>\n<p>Ein wichtiges Merkmal ist auf jeden Fall der kalenderj\u00e4hrlich zur\u00fcckgesetzte Z\u00e4hler der \u00dcbernachtungen im Bus.<\/p>\n<p><strong>Finaler Stand f\u00fcr 2015: 40<\/strong><br \/>\n<strong>Finaler Stand f\u00fcr 2016: 39<\/strong><br \/>\n<strong>Finaler Stand f\u00fcr 2017: 73<\/strong><br \/>\n<strong>Finaler Stand f\u00fcr 2018: 60<\/strong><br \/>\n<strong>Finaler Stand f\u00fcr 2019: 55<\/strong><br \/>\n<strong>Aktueller Stand f\u00fcr 2020: 33<\/strong><\/p>\n<p><a href=\"https:\/\/xn--lfsreisen-z7a.de\/?page_id=728\">Impressum<\/a><br \/>\n<a href=\"http:\/\/\u00f6lfsreisen.de\/?page_id=2936\">Datenschutzerkl\u00e4rung<\/a><\/p>\n","protected":false},"excerpt":{"rendered":"<p>An dieser Stelle soll dokumentiert werden, welche kleineren oder gr\u00f6\u00dferen Ausfl\u00fcge \u00d6lf so in seinem Leben als Mitreisender in unserem gro\u00dfartigen Spacecamper gemacht hat. Da wir hin und wieder auf offiziellen Campingpl\u00e4tzen \u00fcbernachten, versuche ich gelegentlich, die Eigenschaften und Vorz\u00fcge, die wir vor Ort vorfanden, kurz zu dokumentieren. Ich bin auch immer froh, wenn ich [&hellip;]<\/p>\n","protected":false},"author":1,"featured_media":0,"parent":0,"menu_order":0,"comment_status":"closed","ping_status":"closed","template":"","meta":{"ocean_post_layout":"","ocean_both_sidebars_style":"","ocean_both_sidebars_content_width":0,"ocean_both_sidebars_sidebars_width":0,"ocean_sidebar":"","ocean_second_sidebar":"","ocean_disable_margins":"enable","ocean_add_body_class":"","ocean_shortcode_before_top_bar":"","ocean_shortcode_after_top_bar":"","ocean_shortcode_before_header":"","ocean_shortcode_after_header":"","ocean_has_shortcode":"","ocean_shortcode_after_title":"","ocean_shortcode_before_footer_widgets":"","ocean_shortcode_after_footer_widgets":"","ocean_shortcode_before_footer_bottom":"","ocean_shortcode_after_footer_bottom":"","ocean_display_top_bar":"default","ocean_display_header":"default","ocean_header_style":"","ocean_center_header_left_menu":"","ocean_custom_header_template":"","ocean_custom_logo":0,"ocean_custom_retina_logo":0,"ocean_custom_logo_max_width":0,"ocean_custom_logo_tablet_max_width":0,"ocean_custom_logo_mobile_max_width":0,"ocean_custom_logo_max_height":0,"ocean_custom_logo_tablet_max_height":0,"ocean_custom_logo_mobile_max_height":0,"ocean_header_custom_menu":"","ocean_menu_typo_font_family":"","ocean_menu_typo_font_subset":"","ocean_menu_typo_font_size":0,"ocean_menu_typo_font_size_tablet":0,"ocean_menu_typo_font_size_mobile":0,"ocean_menu_typo_font_size_unit":"px","ocean_menu_typo_font_weight":"","ocean_menu_typo_font_weight_tablet":"","ocean_menu_typo_font_weight_mobile":"","ocean_menu_typo_transform":"","ocean_menu_typo_transform_tablet":"","ocean_menu_typo_transform_mobile":"","ocean_menu_typo_line_height":0,"ocean_menu_typo_line_height_tablet":0,"ocean_menu_typo_line_height_mobile":0,"ocean_menu_typo_line_height_unit":"","ocean_menu_typo_spacing":0,"ocean_menu_typo_spacing_tablet":0,"ocean_menu_typo_spacing_mobile":0,"ocean_menu_typo_spacing_unit":"","ocean_menu_link_color":"","ocean_menu_link_color_hover":"","ocean_menu_link_color_active":"","ocean_menu_link_background":"","ocean_menu_link_hover_background":"","ocean_menu_link_active_background":"","ocean_menu_social_links_bg":"","ocean_menu_social_hover_links_bg":"","ocean_menu_social_links_color":"","ocean_menu_social_hover_links_color":"","ocean_disable_title":"default","ocean_disable_heading":"default","ocean_post_title":"","ocean_post_subheading":"","ocean_post_title_style":"","ocean_post_title_background_color":"","ocean_post_title_background":0,"ocean_post_title_bg_image_position":"","ocean_post_title_bg_image_attachment":"","ocean_post_title_bg_image_repeat":"","ocean_post_title_bg_image_size":"","ocean_post_title_height":0,"ocean_post_title_bg_overlay":0.5,"ocean_post_title_bg_overlay_color":"","ocean_disable_breadcrumbs":"default","ocean_breadcrumbs_color":"","ocean_breadcrumbs_separator_color":"","ocean_breadcrumbs_links_color":"","ocean_breadcrumbs_links_hover_color":"","ocean_display_footer_widgets":"default","ocean_display_footer_bottom":"default","ocean_custom_footer_template":"","jetpack_post_was_ever_published":false,"footnotes":""},"class_list":["post-606","page","type-page","status-publish","hentry","entry"],"jetpack_sharing_enabled":true,"jetpack_shortlink":"https:\/\/wp.me\/P8v7mw-9M","jetpack-related-posts":[],"_links":{"self":[{"href":"https:\/\/xn--lfsreisen-z7a.de\/index.php?rest_route=\/wp\/v2\/pages\/606","targetHints":{"allow":["GET"]}}],"collection":[{"href":"https:\/\/xn--lfsreisen-z7a.de\/index.php?rest_route=\/wp\/v2\/pages"}],"about":[{"href":"https:\/\/xn--lfsreisen-z7a.de\/index.php?rest_route=\/wp\/v2\/types\/page"}],"author":[{"embeddable":true,"href":"https:\/\/xn--lfsreisen-z7a.de\/index.php?rest_route=\/wp\/v2\/users\/1"}],"replies":[{"embeddable":true,"href":"https:\/\/xn--lfsreisen-z7a.de\/index.php?rest_route=%2Fwp%2Fv2%2Fcomments&post=606"}],"version-history":[{"count":59,"href":"https:\/\/xn--lfsreisen-z7a.de\/index.php?rest_route=\/wp\/v2\/pages\/606\/revisions"}],"predecessor-version":[{"id":4639,"href":"https:\/\/xn--lfsreisen-z7a.de\/index.php?rest_route=\/wp\/v2\/pages\/606\/revisions\/4639"}],"wp:attachment":[{"href":"https:\/\/xn--lfsreisen-z7a.de\/index.php?rest_route=%2Fwp%2Fv2%2Fmedia&parent=606"}],"curies":[{"name":"wp","href":"https:\/\/api.w.org\/{rel}","templated":true}]}}