{"id":4794,"date":"2024-09-08T20:37:36","date_gmt":"2024-09-08T18:37:36","guid":{"rendered":"https:\/\/xn--lfsreisen-z7a.de\/?page_id=4794"},"modified":"2024-09-08T20:37:36","modified_gmt":"2024-09-08T18:37:36","slug":"bretagne-2024","status":"publish","type":"page","link":"https:\/\/xn--lfsreisen-z7a.de\/?page_id=4794","title":{"rendered":"Bretagne 2024"},"content":{"rendered":"<p>Im Sommer 2024 gingen wir das Wagnis ein, nach einem warmen, aber nicht allzu trockenen Sommer daheim, in Richtung Bretagne zu reisen.<\/p>\n<p>Die Beitr\u00e4ge dazu sind hier zu finden:<\/p>\n<h2 class=\"display-posts-title\">Urlaub 2024 in die Bretagne<\/h2>\n<ul class=\"display-posts-listing\"><li class=\"listing-item\"><a class=\"title\" href=\"https:\/\/xn--lfsreisen-z7a.de\/?p=4791\">Im Rausch<\/a> <span class=\"date\">(07.Sep. 2024)<\/span> <span class=\"excerpt-dash\">-<\/span> <span class=\"excerpt\">Endlich begann der Urlaub. Eine viel zu lange andauernde Durststrecke hatte ihr dringlichst herbeigesehntes Ende erreicht. Dank immer ausgefeilteren Packlisten und der mittlerweile schon ins Blut \u00fcbergegangenen Tetrisskills beim Packen&hellip; <span class=\"excerpt-more\">...<\/span><\/span><\/li><li class=\"listing-item\"><a class=\"title\" href=\"https:\/\/xn--lfsreisen-z7a.de\/?p=4800\">Turnfest mit Nara<\/a> <span class=\"date\">(08.Sep. 2024)<\/span> <span class=\"excerpt-dash\">-<\/span> <span class=\"excerpt\">Auf dem Weg in Richtung Bretagne machten wir selbstverst\u00e4ndlich auch einen Stopp in Aachen. Der Stellplatz mit Familienanschluss geh\u00f6rt sicherlich zu den absoluten Hotspots der gesamten Region, den wir immer&hellip; <span class=\"excerpt-more\">...<\/span><\/span><\/li><li class=\"listing-item\"><a class=\"title\" href=\"https:\/\/xn--lfsreisen-z7a.de\/?p=4810\">Gent sehen und nass werden<\/a> <span class=\"date\">(10.Sep. 2024)<\/span> <span class=\"excerpt-dash\">-<\/span> <span class=\"excerpt\">Nach Aachen waren unsere geplanten Haltepunkte erst einmal abgehakt. Ein neues Ziel musste also her. G\u00f6ntje hatte uns auf die Idee gebracht, einen Abstecher nach Br\u00fcgge zu machen. Wir hielten&hellip; <span class=\"excerpt-more\">...<\/span><\/span><\/li><li class=\"listing-item\"><a class=\"title\" href=\"https:\/\/xn--lfsreisen-z7a.de\/?p=4813\">Doch kein Autokorso<\/a> <span class=\"date\">(11.Sep. 2024)<\/span> <span class=\"excerpt-dash\">-<\/span> <span class=\"excerpt\">Der heutige Tag galt eher als eine Art \u00dcberf\u00fchrungsetappe. Ohne konkretes Ziel fuhren wir in Richtung Westen, um der Bretagne ein St\u00fcckchen n\u00e4her zu kommen. Einen Platz an der K\u00fcste&hellip; <span class=\"excerpt-more\">...<\/span><\/span><\/li><li class=\"listing-item\"><a class=\"title\" href=\"https:\/\/xn--lfsreisen-z7a.de\/?p=4830\">Kreuzende Radfahrer und bedr\u00fcckende D-Day Nostalgie<\/a> <span class=\"date\">(13.Sep. 2024)<\/span> <span class=\"excerpt-dash\">-<\/span> <span class=\"excerpt\">Auf unserer n\u00e4chsten Etappe ergaben unsere Hochrechnungen, dass die beiden Radfreunde Moritz und Finn, die vor einigen Tagen in Amsterdam gestartet waren, sich jetzt ungef\u00e4hr in Schlagdistanz befinden m\u00fcssten. Nach&hellip; <span class=\"excerpt-more\">...<\/span><\/span><\/li><li class=\"listing-item\"><a class=\"title\" href=\"https:\/\/xn--lfsreisen-z7a.de\/?p=4840\">Der tr\u00f6tende Hund<\/a> <span class=\"date\">(15.Sep. 2024)<\/span> <span class=\"excerpt-dash\">-<\/span> <span class=\"excerpt\">Endlich erreichten wir das gelobte Land, die Bretagne. Und sogleich wurden wir abgewiesen. Eigentlich hatten wir Saint-Malo im Blick, das schien aber an diesem Wochenende ebenfalls der Plan von so&hellip; <span class=\"excerpt-more\">...<\/span><\/span><\/li><li class=\"listing-item\"><a class=\"title\" href=\"https:\/\/xn--lfsreisen-z7a.de\/?p=4856\">Schon wieder Saisonfinale<\/a> <span class=\"date\">(16.Sep. 2024)<\/span> <span class=\"excerpt-dash\">-<\/span> <span class=\"excerpt\">Saint-Quay-Portrieux ist alleine schon wegen des \u00f6rtlichen Campingplatzes eine Reise wert. Unscheinbar von der Stra\u00dfe aus, er\u00f6ffnete sich hinter der Rezeption eine Oase der Gem\u00fctlichkeit. Ges\u00e4umt vom in der Gegend&hellip; <span class=\"excerpt-more\">...<\/span><\/span><\/li><li class=\"listing-item\"><a class=\"title\" href=\"https:\/\/xn--lfsreisen-z7a.de\/?p=4869\">Familientreffen<\/a> <span class=\"date\">(18.Sep. 2024)<\/span> <span class=\"excerpt-dash\">-<\/span> <span class=\"excerpt\">Nachdem wir die Radler ja schon unterwegs abgefangen hatten, belagerten wir nun die ganze Familie aus Hildesheim in ihrem schnieken kleinen Ferienhaus in Kercoz. Der Vermieter hatte sich dankenswerter Weise&hellip; <span class=\"excerpt-more\">...<\/span><\/span><\/li><li class=\"listing-item\"><a class=\"title\" href=\"https:\/\/xn--lfsreisen-z7a.de\/?p=4879\">Sommerurlaub ist Badeurlaub<\/a> <span class=\"date\">(20.Sep. 2024)<\/span> <span class=\"excerpt-dash\">-<\/span> <span class=\"excerpt\">Aufgrund der fortgeschrittenen Zeit konnten wir keine weiten Spr\u00fcnge mehr machen. Schlie\u00dflich wollten wir noch eine ge\u00f6ffnete Rezeption finden, die uns freudestrahlend in Empfang nehmen w\u00fcrde. Allerdings auch eine, die&hellip; <span class=\"excerpt-more\">...<\/span><\/span><\/li><li class=\"listing-item\"><a class=\"title\" href=\"https:\/\/xn--lfsreisen-z7a.de\/?p=4890\">Die Bucht der nackten M\u00e4nner<\/a> <span class=\"date\">(21.Sep. 2024)<\/span> <span class=\"excerpt-dash\">-<\/span> <span class=\"excerpt\">Hatte ich eigentlich schon von den Herausforderungen der Nachsaison geschrieben? Bei herrlichstem Sommerwetter reisten wir immer weiter gen Westen. So weit, dass es gar nicht weiter ging. Der von uns&hellip; <span class=\"excerpt-more\">...<\/span><\/span><\/li><li class=\"listing-item\"><a class=\"title\" href=\"https:\/\/xn--lfsreisen-z7a.de\/?p=4914\">Der wei\u00dfe Wolf<\/a> <span class=\"date\">(23.Sep. 2024)<\/span> <span class=\"excerpt-dash\">-<\/span> <span class=\"excerpt\">Das immer wechselhafter werdend angek\u00fcndigte Wetter machte die weitere Reiseplanung durchaus komplizierter. Wir wollten nat\u00fcrlich m\u00f6glichst viel Sonne erwischen und wechselten daher die Landseite. Dank der wenig charmanten Beschreibung der&hellip; <span class=\"excerpt-more\">...<\/span><\/span><\/li><li class=\"listing-item\"><a class=\"title\" href=\"https:\/\/xn--lfsreisen-z7a.de\/?p=4916\">Das sch\u00f6nste Dorf Frankreichs und ein Fotocrasher<\/a> <span class=\"date\">(25.Sep. 2024)<\/span> <span class=\"excerpt-dash\">-<\/span> <span class=\"excerpt\">Nachdem das Wetter den ganzen Morgen nicht so recht in Schwung kommen wollte, packten wir doch wieder zusammen, obwohl wir eigentlich mal etwas l\u00e4nger auf einem sch\u00f6nen Platz stehen wollten.&hellip; <span class=\"excerpt-more\">...<\/span><\/span><\/li><li class=\"listing-item\"><a class=\"title\" href=\"https:\/\/xn--lfsreisen-z7a.de\/?p=4927\">Glamping<\/a> <span class=\"date\">(28.Sep. 2024)<\/span> <span class=\"excerpt-dash\">-<\/span> <span class=\"excerpt\">Der Regen sp\u00fclte uns zur\u00fcck in die Normandie. W\u00e4hrend es in der Bretagne vermutlich l\u00e4ngst wieder Sonnenschein gab, wanderte der Regen mit uns mit. Zum Abschluss des Urlaubs g\u00f6nnten wir&hellip; <span class=\"excerpt-more\">...<\/span><\/span><\/li><li class=\"listing-item\"><a class=\"title\" href=\"https:\/\/xn--lfsreisen-z7a.de\/?p=4932\">Der Winter naht<\/a> <span class=\"date\">(29.Sep. 2024)<\/span> <span class=\"excerpt-dash\">-<\/span> <span class=\"excerpt\">Schweren Herzens gaben wir unser warmes Waschhaus auf und fanden uns am fr\u00fchen Abend kurz vor der belgischen Grenze wieder. Mit Hilfe der park4night App suchten wir uns einen kleinen&hellip; <span class=\"excerpt-more\">...<\/span><\/span><\/li><\/ul>\n","protected":false},"excerpt":{"rendered":"<p>Im Sommer 2024 gingen wir das Wagnis ein, nach einem warmen, aber nicht allzu trockenen Sommer daheim, in Richtung Bretagne zu reisen. Die Beitr\u00e4ge dazu sind hier zu finden:<\/p>\n","protected":false},"author":1,"featured_media":0,"parent":0,"menu_order":0,"comment_status":"closed","ping_status":"closed","template":"","meta":{"ocean_post_layout":"","ocean_both_sidebars_style":"","ocean_both_sidebars_content_width":0,"ocean_both_sidebars_sidebars_width":0,"ocean_sidebar":"0","ocean_second_sidebar":"0","ocean_disable_margins":"enable","ocean_add_body_class":"","ocean_shortcode_before_top_bar":"","ocean_shortcode_after_top_bar":"","ocean_shortcode_before_header":"","ocean_shortcode_after_header":"","ocean_has_shortcode":"","ocean_shortcode_after_title":"","ocean_shortcode_before_footer_widgets":"","ocean_shortcode_after_footer_widgets":"","ocean_shortcode_before_footer_bottom":"","ocean_shortcode_after_footer_bottom":"","ocean_display_top_bar":"default","ocean_display_header":"default","ocean_header_style":"","ocean_center_header_left_menu":"0","ocean_custom_header_template":"0","ocean_custom_logo":0,"ocean_custom_retina_logo":0,"ocean_custom_logo_max_width":0,"ocean_custom_logo_tablet_max_width":0,"ocean_custom_logo_mobile_max_width":0,"ocean_custom_logo_max_height":0,"ocean_custom_logo_tablet_max_height":0,"ocean_custom_logo_mobile_max_height":0,"ocean_header_custom_menu":"0","ocean_menu_typo_font_family":"0","ocean_menu_typo_font_subset":"","ocean_menu_typo_font_size":0,"ocean_menu_typo_font_size_tablet":0,"ocean_menu_typo_font_size_mobile":0,"ocean_menu_typo_font_size_unit":"px","ocean_menu_typo_font_weight":"","ocean_menu_typo_font_weight_tablet":"","ocean_menu_typo_font_weight_mobile":"","ocean_menu_typo_transform":"","ocean_menu_typo_transform_tablet":"","ocean_menu_typo_transform_mobile":"","ocean_menu_typo_line_height":0,"ocean_menu_typo_line_height_tablet":0,"ocean_menu_typo_line_height_mobile":0,"ocean_menu_typo_line_height_unit":"","ocean_menu_typo_spacing":0,"ocean_menu_typo_spacing_tablet":0,"ocean_menu_typo_spacing_mobile":0,"ocean_menu_typo_spacing_unit":"","ocean_menu_link_color":"","ocean_menu_link_color_hover":"","ocean_menu_link_color_active":"","ocean_menu_link_background":"","ocean_menu_link_hover_background":"","ocean_menu_link_active_background":"","ocean_menu_social_links_bg":"","ocean_menu_social_hover_links_bg":"","ocean_menu_social_links_color":"","ocean_menu_social_hover_links_color":"","ocean_disable_title":"default","ocean_disable_heading":"default","ocean_post_title":"","ocean_post_subheading":"","ocean_post_title_style":"","ocean_post_title_background_color":"","ocean_post_title_background":0,"ocean_post_title_bg_image_position":"","ocean_post_title_bg_image_attachment":"","ocean_post_title_bg_image_repeat":"","ocean_post_title_bg_image_size":"","ocean_post_title_height":0,"ocean_post_title_bg_overlay":0.5,"ocean_post_title_bg_overlay_color":"","ocean_disable_breadcrumbs":"default","ocean_breadcrumbs_color":"","ocean_breadcrumbs_separator_color":"","ocean_breadcrumbs_links_color":"","ocean_breadcrumbs_links_hover_color":"","ocean_display_footer_widgets":"default","ocean_display_footer_bottom":"default","ocean_custom_footer_template":"0","jetpack_post_was_ever_published":false,"footnotes":""},"class_list":["post-4794","page","type-page","status-publish","hentry","entry","has-media"],"jetpack_sharing_enabled":true,"jetpack_shortlink":"https:\/\/wp.me\/P8v7mw-1fk","jetpack-related-posts":[],"_links":{"self":[{"href":"https:\/\/xn--lfsreisen-z7a.de\/index.php?rest_route=\/wp\/v2\/pages\/4794","targetHints":{"allow":["GET"]}}],"collection":[{"href":"https:\/\/xn--lfsreisen-z7a.de\/index.php?rest_route=\/wp\/v2\/pages"}],"about":[{"href":"https:\/\/xn--lfsreisen-z7a.de\/index.php?rest_route=\/wp\/v2\/types\/page"}],"author":[{"embeddable":true,"href":"https:\/\/xn--lfsreisen-z7a.de\/index.php?rest_route=\/wp\/v2\/users\/1"}],"replies":[{"embeddable":true,"href":"https:\/\/xn--lfsreisen-z7a.de\/index.php?rest_route=%2Fwp%2Fv2%2Fcomments&post=4794"}],"version-history":[{"count":2,"href":"https:\/\/xn--lfsreisen-z7a.de\/index.php?rest_route=\/wp\/v2\/pages\/4794\/revisions"}],"predecessor-version":[{"id":4796,"href":"https:\/\/xn--lfsreisen-z7a.de\/index.php?rest_route=\/wp\/v2\/pages\/4794\/revisions\/4796"}],"wp:attachment":[{"href":"https:\/\/xn--lfsreisen-z7a.de\/index.php?rest_route=%2Fwp%2Fv2%2Fmedia&parent=4794"}],"curies":[{"name":"wp","href":"https:\/\/api.w.org\/{rel}","templated":true}]}}