{"id":4327,"date":"2022-06-04T21:59:48","date_gmt":"2022-06-04T19:59:48","guid":{"rendered":"https:\/\/xn--lfsreisen-z7a.de\/?page_id=4327"},"modified":"2022-06-04T21:59:48","modified_gmt":"2022-06-04T19:59:48","slug":"korsika-2022","status":"publish","type":"page","link":"https:\/\/xn--lfsreisen-z7a.de\/?page_id=4327","title":{"rendered":"Korsika 2022"},"content":{"rendered":"<p>Die Pfingstferien sind traditionell seit Jahren fest verplant mit einem Ausflug zum Gardasee, um dort auch ein paar H\u00f6henmeter mit dem MTB zu schrubben. In diesem Jahr hatten sich aber offenbar f\u00fcr zu viele Mountainbiker aus unserer Gruppe coronazeitbedingt aufgesparte Urlaube angeh\u00e4uft, so dass wir uns f\u00fcr die Pfingsttage ein anderes Ziel suchen mussten. Es wurde am Ende mal wieder Korsika. <\/p>\n<p>Die einzelnen Beitr\u00e4ge aus diesem Urlaub sind hier zu finden:<\/p>\n<h2 class=\"display-posts-title\">Ausflug 2022 nach Korsika<\/h2>\n<ul class=\"display-posts-listing\"><li class=\"listing-item\"><a class=\"title\" href=\"https:\/\/xn--lfsreisen-z7a.de\/?p=4331\">Ein ungewohntes Reiseziel<\/a> <span class=\"date\">(03.Juni 2022)<\/span> <span class=\"excerpt-dash\">-<\/span> <span class=\"excerpt\">Das lange, sch\u00f6ne und in vielerlei Hinsicht inspirierende SpaceCamper Treffen diente quasi als Trainingslager f\u00fcr den anstehenden Korsika Urlaub, der eine Woche sp\u00e4ter beginnen sollte. Auch hier wird der geneigte&hellip; <span class=\"excerpt-more\">...<\/span><\/span><\/li><li class=\"listing-item\"><a class=\"title\" href=\"https:\/\/xn--lfsreisen-z7a.de\/?p=4345\">Die Hipster-Elternzeit-Camper<\/a> <span class=\"date\">(05.Juni 2022)<\/span> <span class=\"excerpt-dash\">-<\/span> <span class=\"excerpt\">Wie beinahe jede F\u00e4hr\u00fcberfahrt zog sich auch diese wieder gef\u00fchlt endlos in die L\u00e4nge wie ein zu lange gebackener Camembert, den man versucht, ohne Messer in zwei gleich gro\u00dfe Teile&hellip; <span class=\"excerpt-more\">...<\/span><\/span><\/li><li class=\"listing-item\"><a class=\"title\" href=\"https:\/\/xn--lfsreisen-z7a.de\/?p=4367\">Der Sieg geht an den Spacecamper<\/a> <span class=\"date\">(06.Juni 2022)<\/span> <span class=\"excerpt-dash\">-<\/span> <span class=\"excerpt\">Trotz des Einschaltens aller in den fr\u00fchen Morgenstunden zur Verf\u00fcgung stehenden Sinne, konnten wir leider nicht feststellen, ob der aus den letzten Besuchen vor Ort bekannte B\u00e4ckerwagen auch derzeit wieder&hellip; <span class=\"excerpt-more\">...<\/span><\/span><\/li><li class=\"listing-item\"><a class=\"title\" href=\"https:\/\/xn--lfsreisen-z7a.de\/?p=4373\">Ruhige Tage in Calamar<\/a> <span class=\"date\">(11.Juni 2022)<\/span> <span class=\"excerpt-dash\">-<\/span> <span class=\"excerpt\">Nun waren die Camper alle auf der Insel angekommen. Die Heidenheimer konnten gerade noch mit den SpaceCampern abklatschen, bevor sie weiter Richtung Westen zogen. So viel geballte \u00fcberzeugende SpaceCamper Deluxe&hellip; <span class=\"excerpt-more\">...<\/span><\/span><\/li><li class=\"listing-item\"><a class=\"title\" href=\"https:\/\/xn--lfsreisen-z7a.de\/?p=4403\">Viel zu viele Fahrfehler<\/a> <span class=\"date\">(12.Juni 2022)<\/span> <span class=\"excerpt-dash\">-<\/span> <span class=\"excerpt\">Dann war es endlich soweit. Die Segler hatten das Meer \u00fcberquert und befanden sich mittlerweile im Norden der Insel. Da sie sich zus\u00e4tzlich weiter in Richtung Nordspitze der Insel orientierten,&hellip; <span class=\"excerpt-more\">...<\/span><\/span><\/li><li class=\"listing-item\"><a class=\"title\" href=\"https:\/\/xn--lfsreisen-z7a.de\/?p=4413\">Der Segelt\u00f6rn<\/a> <span class=\"date\">(13.Juni 2022)<\/span> <span class=\"excerpt-dash\">-<\/span> <span class=\"excerpt\">\u00dcber das keilvermeidende, alles austarierende und stets gl\u00fccklich machende Luftfahrwerk des SpaceCampers wurden in den vergangenen Beitr\u00e4gen und insbesondere den Kommentaren schon viele Lobeshymnen gesungen. Die meisten davon selbstredend zu&hellip; <span class=\"excerpt-more\">...<\/span><\/span><\/li><li class=\"listing-item\"><a class=\"title\" href=\"https:\/\/xn--lfsreisen-z7a.de\/?p=4422\">Der Hitze kann man nicht entkommen<\/a> <span class=\"date\">(14.Juni 2022)<\/span> <span class=\"excerpt-dash\">-<\/span> <span class=\"excerpt\">Ein Urlaubstag auf einem Campingplatz, der ohne Fr\u00fchst\u00fcck beginnt, ist streng genommen eigentlich kein wirklicher Urlaubstag. Das w\u00e4re ja so als w\u00fcrde man behaupten, man k\u00f6nne die Pfingstwoche auch anderswo&hellip; <span class=\"excerpt-more\">...<\/span><\/span><\/li><li class=\"listing-item\"><a class=\"title\" href=\"https:\/\/xn--lfsreisen-z7a.de\/?p=4438\">Mutige M\u00e4dchen<\/a> <span class=\"date\">(15.Juni 2022)<\/span> <span class=\"excerpt-dash\">-<\/span> <span class=\"excerpt\">Auch der neue Tag brachte keine wirkliche Abk\u00fchlung. Wir entschieden uns daher, weiterhin in den Bergen zu bleiben und das verhei\u00dfungsvoll angepriesene Restonicatal anzufahren. Hier sollte es zahlreiche sch\u00f6ne Badestellen&hellip; <span class=\"excerpt-more\">...<\/span><\/span><\/li><li class=\"listing-item\"><a class=\"title\" href=\"https:\/\/xn--lfsreisen-z7a.de\/?p=4468\">Zwischen Plastikm\u00fcll und Quallenpest<\/a> <span class=\"date\">(18.Juni 2022)<\/span> <span class=\"excerpt-dash\">-<\/span> <span class=\"excerpt\">Obwohl gerade erst das Bergfest der Pfingstferien gefeiert wurde, schienen doch schon etliche Urlauber insgeheim im Abreisemodus zu sein. Die anfangs aufgestellte Prognose hinsichtlich des F\u00fcllungsgrades vom Campingplatz Calamar bewahrheitete&hellip; <span class=\"excerpt-more\">...<\/span><\/span><\/li><li class=\"listing-item\"><a class=\"title\" href=\"https:\/\/xn--lfsreisen-z7a.de\/?p=4481\">Die lange R\u00fcckfahrt<\/a> <span class=\"date\">(19.Juni 2022)<\/span> <span class=\"excerpt-dash\">-<\/span> <span class=\"excerpt\">Am Samstagabend legte dann auch unsere F\u00e4hre von Bastia ab, um uns zur\u00fcck ans italienische Festland zu bringen. Gen\u00fcgend Zeit, um den Tag gem\u00fctlich anzugehen, die sieben Sachen zusammenzur\u00e4umen, ein&hellip; <span class=\"excerpt-more\">...<\/span><\/span><\/li><\/ul>\n","protected":false},"excerpt":{"rendered":"<p>Die Pfingstferien sind traditionell seit Jahren fest verplant mit einem Ausflug zum Gardasee, um dort auch ein paar H\u00f6henmeter mit dem MTB zu schrubben. In diesem Jahr hatten sich aber offenbar f\u00fcr zu viele Mountainbiker aus unserer Gruppe coronazeitbedingt aufgesparte Urlaube angeh\u00e4uft, so dass wir uns f\u00fcr die Pfingsttage ein anderes Ziel suchen mussten. Es [&hellip;]<\/p>\n","protected":false},"author":1,"featured_media":0,"parent":0,"menu_order":0,"comment_status":"closed","ping_status":"closed","template":"","meta":{"ocean_post_layout":"","ocean_both_sidebars_style":"","ocean_both_sidebars_content_width":0,"ocean_both_sidebars_sidebars_width":0,"ocean_sidebar":"","ocean_second_sidebar":"","ocean_disable_margins":"enable","ocean_add_body_class":"","ocean_shortcode_before_top_bar":"","ocean_shortcode_after_top_bar":"","ocean_shortcode_before_header":"","ocean_shortcode_after_header":"","ocean_has_shortcode":"","ocean_shortcode_after_title":"","ocean_shortcode_before_footer_widgets":"","ocean_shortcode_after_footer_widgets":"","ocean_shortcode_before_footer_bottom":"","ocean_shortcode_after_footer_bottom":"","ocean_display_top_bar":"default","ocean_display_header":"default","ocean_header_style":"","ocean_center_header_left_menu":"","ocean_custom_header_template":"","ocean_custom_logo":0,"ocean_custom_retina_logo":0,"ocean_custom_logo_max_width":0,"ocean_custom_logo_tablet_max_width":0,"ocean_custom_logo_mobile_max_width":0,"ocean_custom_logo_max_height":0,"ocean_custom_logo_tablet_max_height":0,"ocean_custom_logo_mobile_max_height":0,"ocean_header_custom_menu":"","ocean_menu_typo_font_family":"","ocean_menu_typo_font_subset":"","ocean_menu_typo_font_size":0,"ocean_menu_typo_font_size_tablet":0,"ocean_menu_typo_font_size_mobile":0,"ocean_menu_typo_font_size_unit":"px","ocean_menu_typo_font_weight":"","ocean_menu_typo_font_weight_tablet":"","ocean_menu_typo_font_weight_mobile":"","ocean_menu_typo_transform":"","ocean_menu_typo_transform_tablet":"","ocean_menu_typo_transform_mobile":"","ocean_menu_typo_line_height":0,"ocean_menu_typo_line_height_tablet":0,"ocean_menu_typo_line_height_mobile":0,"ocean_menu_typo_line_height_unit":"","ocean_menu_typo_spacing":0,"ocean_menu_typo_spacing_tablet":0,"ocean_menu_typo_spacing_mobile":0,"ocean_menu_typo_spacing_unit":"","ocean_menu_link_color":"","ocean_menu_link_color_hover":"","ocean_menu_link_color_active":"","ocean_menu_link_background":"","ocean_menu_link_hover_background":"","ocean_menu_link_active_background":"","ocean_menu_social_links_bg":"","ocean_menu_social_hover_links_bg":"","ocean_menu_social_links_color":"","ocean_menu_social_hover_links_color":"","ocean_disable_title":"default","ocean_disable_heading":"default","ocean_post_title":"","ocean_post_subheading":"","ocean_post_title_style":"","ocean_post_title_background_color":"","ocean_post_title_background":0,"ocean_post_title_bg_image_position":"","ocean_post_title_bg_image_attachment":"","ocean_post_title_bg_image_repeat":"","ocean_post_title_bg_image_size":"","ocean_post_title_height":0,"ocean_post_title_bg_overlay":0.5,"ocean_post_title_bg_overlay_color":"","ocean_disable_breadcrumbs":"default","ocean_breadcrumbs_color":"","ocean_breadcrumbs_separator_color":"","ocean_breadcrumbs_links_color":"","ocean_breadcrumbs_links_hover_color":"","ocean_display_footer_widgets":"default","ocean_display_footer_bottom":"default","ocean_custom_footer_template":"","jetpack_post_was_ever_published":false,"footnotes":""},"class_list":["post-4327","page","type-page","status-publish","hentry","entry","has-media"],"jetpack_sharing_enabled":true,"jetpack_shortlink":"https:\/\/wp.me\/P8v7mw-17N","jetpack-related-posts":[],"_links":{"self":[{"href":"https:\/\/xn--lfsreisen-z7a.de\/index.php?rest_route=\/wp\/v2\/pages\/4327","targetHints":{"allow":["GET"]}}],"collection":[{"href":"https:\/\/xn--lfsreisen-z7a.de\/index.php?rest_route=\/wp\/v2\/pages"}],"about":[{"href":"https:\/\/xn--lfsreisen-z7a.de\/index.php?rest_route=\/wp\/v2\/types\/page"}],"author":[{"embeddable":true,"href":"https:\/\/xn--lfsreisen-z7a.de\/index.php?rest_route=\/wp\/v2\/users\/1"}],"replies":[{"embeddable":true,"href":"https:\/\/xn--lfsreisen-z7a.de\/index.php?rest_route=%2Fwp%2Fv2%2Fcomments&post=4327"}],"version-history":[{"count":1,"href":"https:\/\/xn--lfsreisen-z7a.de\/index.php?rest_route=\/wp\/v2\/pages\/4327\/revisions"}],"predecessor-version":[{"id":4328,"href":"https:\/\/xn--lfsreisen-z7a.de\/index.php?rest_route=\/wp\/v2\/pages\/4327\/revisions\/4328"}],"wp:attachment":[{"href":"https:\/\/xn--lfsreisen-z7a.de\/index.php?rest_route=%2Fwp%2Fv2%2Fmedia&parent=4327"}],"curies":[{"name":"wp","href":"https:\/\/api.w.org\/{rel}","templated":true}]}}