{"id":4203,"date":"2021-09-02T11:05:58","date_gmt":"2021-09-02T09:05:58","guid":{"rendered":"https:\/\/xn--lfsreisen-z7a.de\/?page_id=4203"},"modified":"2021-09-02T11:05:58","modified_gmt":"2021-09-02T09:05:58","slug":"frankreich-2021","status":"publish","type":"page","link":"https:\/\/xn--lfsreisen-z7a.de\/?page_id=4203","title":{"rendered":"Frankreich 2021"},"content":{"rendered":"<p>Nach einem total verregneten Sommer 2021 in Deutschland war es Zeit, endlich irgendwo ein bisschen Sonne zu tanken. Lange Zeit schwankten wir zwischen D\u00e4nemark und Frankreich hin und her. Am Ende haben ein M\u00fcnzwurf und die besseren Wetterprognosen f\u00fcr Frankreich den Ausschlag gegeben.<\/p>\n<p>Die einzelnen Beitr\u00e4ge aus diesem Urlaub sind hier zu finden:<\/p>\n<h2 class=\"display-posts-title\">Sommerurlaub 2021 in Frankreich<\/h2>\n<ul class=\"display-posts-listing\"><li class=\"listing-item\"><a class=\"title\" href=\"https:\/\/xn--lfsreisen-z7a.de\/?p=4198\">Der M\u00fcnzwurf von Bremen<\/a> <span class=\"date\">(28.Aug. 2021)<\/span> <span class=\"excerpt-dash\">-<\/span> <span class=\"excerpt\">Endlich! Endlich! Endlich ging es mal wieder richtig los auf Tour im SpaceCamper. Trotz der l\u00e4ngst nicht \u00fcberwundenen Pandemie und weiterhin hoher Inzidenzzahlen allerorten quer durch Europa. Aber nachdem wir&hellip; <span class=\"excerpt-more\">...<\/span><\/span><\/li><li class=\"listing-item\"><a class=\"title\" href=\"https:\/\/xn--lfsreisen-z7a.de\/?p=4208\">Der Herbst in Aachen<\/a> <span class=\"date\">(29.Aug. 2021)<\/span> <span class=\"excerpt-dash\">-<\/span> <span class=\"excerpt\">Eine lange, regenreiche und \u00fcberhaupt nicht sommerliche Fahrt brachte uns nach Aachen zu G\u00f6ntje, Niclas, Tammo und Nara. Nasskalte sechzehn Grad best\u00e4tigte uns das Au\u00dfenthermometer des Campers. Es gab keine&hellip; <span class=\"excerpt-more\">...<\/span><\/span><\/li><li class=\"listing-item\"><a class=\"title\" href=\"https:\/\/xn--lfsreisen-z7a.de\/?p=4217\">Die teuersten Pommes<\/a> <span class=\"date\">(30.Aug. 2021)<\/span> <span class=\"excerpt-dash\">-<\/span> <span class=\"excerpt\">Von Aachen aus, das uns mit dem gleichen miesen Wetter verabschiedete wie es uns in Empfang genommen hatte, \u00fcberquerten wir ungehindert die erste Landesgrenze nach Belgien. Im Gegensatz zu unserem&hellip; <span class=\"excerpt-more\">...<\/span><\/span><\/li><li class=\"listing-item\"><a class=\"title\" href=\"https:\/\/xn--lfsreisen-z7a.de\/?p=4219\">Durch die Normandie<\/a> <span class=\"date\">(31.Aug. 2021)<\/span> <span class=\"excerpt-dash\">-<\/span> <span class=\"excerpt\">Auch am n\u00e4chsten Morgen lie\u00dfen die hoppelnden H\u00e4schen weiter auf sich warten. Stattdessen begannen zu fr\u00fchmorgendlicher Stunde die G\u00e4rtner mit dem Stutzen der Hecken, die die einzelnen Parzellen auf dem&hellip; <span class=\"excerpt-more\">...<\/span><\/span><\/li><li class=\"listing-item\"><a class=\"title\" href=\"https:\/\/xn--lfsreisen-z7a.de\/?p=4240\">Das t\u00fcrkisfarbene Band<\/a> <span class=\"date\">(03.Sep. 2021)<\/span> <span class=\"excerpt-dash\">-<\/span> <span class=\"excerpt\">Die Nacht war sehr turbulent. Der oben bereits angesprochene angetrunkene Oktoberfestbesucher h\u00e4tte sein eigenes Schwanken nur mit dem Schaukeln des Campers synchronisieren m\u00fcssen und schon h\u00e4tte er geschlafen, wie man&hellip; <span class=\"excerpt-more\">...<\/span><\/span><\/li><li class=\"listing-item\"><a class=\"title\" href=\"https:\/\/xn--lfsreisen-z7a.de\/?p=4275\">Der Ritt zum Pointe du Raz<\/a> <span class=\"date\">(05.Sep. 2021)<\/span> <span class=\"excerpt-dash\">-<\/span> <span class=\"excerpt\">Auf der Suche nach unserem n\u00e4chsten Halt erinnerten wir uns an einen der Orte, den uns Richard vor zwei Jahren bereits w\u00e4rmstens ans Herz gelegt hatte. Bei der Empfehlung ging&hellip; <span class=\"excerpt-more\">...<\/span><\/span><\/li><li class=\"listing-item\"><a class=\"title\" href=\"https:\/\/xn--lfsreisen-z7a.de\/?p=4278\">Das Konfit\u00fcren Fiasko<\/a> <span class=\"date\">(06.Sep. 2021)<\/span> <span class=\"excerpt-dash\">-<\/span> <span class=\"excerpt\">Es wurde also Zeit noch n\u00e4her zum Sommer zu gelangen. Aber zun\u00e4chst mussten wir noch einen wichtigen, wenn nicht den wichtigsten, Meilenstein unseres Aufenthalts in der Bretagne abhaken. Vor zwei&hellip; <span class=\"excerpt-more\">...<\/span><\/span><\/li><li class=\"listing-item\"><a class=\"title\" href=\"https:\/\/xn--lfsreisen-z7a.de\/?p=4286\">Zur\u00fcck auf der Il\u00ea de R\u00e9<\/a> <span class=\"date\">(08.Sep. 2021)<\/span> <span class=\"excerpt-dash\">-<\/span> <span class=\"excerpt\">Dann war es endlich soweit. Wir erreichten die von vornherein als sommerliches Urlaubsziel ins Auge gefasste Insel der sonnenreichen Gl\u00fcckseligkeit, die Il\u00ea de R\u00e9. Bereits zur Mittagszeit \u00fcberquerten wir die&hellip; <span class=\"excerpt-more\">...<\/span><\/span><\/li><\/ul>\n","protected":false},"excerpt":{"rendered":"<p>Nach einem total verregneten Sommer 2021 in Deutschland war es Zeit, endlich irgendwo ein bisschen Sonne zu tanken. Lange Zeit schwankten wir zwischen D\u00e4nemark und Frankreich hin und her. Am Ende haben ein M\u00fcnzwurf und die besseren Wetterprognosen f\u00fcr Frankreich den Ausschlag gegeben. Die einzelnen Beitr\u00e4ge aus diesem Urlaub sind hier zu finden:<\/p>\n","protected":false},"author":1,"featured_media":0,"parent":0,"menu_order":0,"comment_status":"closed","ping_status":"closed","template":"","meta":{"ocean_post_layout":"","ocean_both_sidebars_style":"","ocean_both_sidebars_content_width":0,"ocean_both_sidebars_sidebars_width":0,"ocean_sidebar":"","ocean_second_sidebar":"","ocean_disable_margins":"enable","ocean_add_body_class":"","ocean_shortcode_before_top_bar":"","ocean_shortcode_after_top_bar":"","ocean_shortcode_before_header":"","ocean_shortcode_after_header":"","ocean_has_shortcode":"","ocean_shortcode_after_title":"","ocean_shortcode_before_footer_widgets":"","ocean_shortcode_after_footer_widgets":"","ocean_shortcode_before_footer_bottom":"","ocean_shortcode_after_footer_bottom":"","ocean_display_top_bar":"default","ocean_display_header":"default","ocean_header_style":"","ocean_center_header_left_menu":"","ocean_custom_header_template":"","ocean_custom_logo":0,"ocean_custom_retina_logo":0,"ocean_custom_logo_max_width":0,"ocean_custom_logo_tablet_max_width":0,"ocean_custom_logo_mobile_max_width":0,"ocean_custom_logo_max_height":0,"ocean_custom_logo_tablet_max_height":0,"ocean_custom_logo_mobile_max_height":0,"ocean_header_custom_menu":"","ocean_menu_typo_font_family":"","ocean_menu_typo_font_subset":"","ocean_menu_typo_font_size":0,"ocean_menu_typo_font_size_tablet":0,"ocean_menu_typo_font_size_mobile":0,"ocean_menu_typo_font_size_unit":"px","ocean_menu_typo_font_weight":"","ocean_menu_typo_font_weight_tablet":"","ocean_menu_typo_font_weight_mobile":"","ocean_menu_typo_transform":"","ocean_menu_typo_transform_tablet":"","ocean_menu_typo_transform_mobile":"","ocean_menu_typo_line_height":0,"ocean_menu_typo_line_height_tablet":0,"ocean_menu_typo_line_height_mobile":0,"ocean_menu_typo_line_height_unit":"","ocean_menu_typo_spacing":0,"ocean_menu_typo_spacing_tablet":0,"ocean_menu_typo_spacing_mobile":0,"ocean_menu_typo_spacing_unit":"","ocean_menu_link_color":"","ocean_menu_link_color_hover":"","ocean_menu_link_color_active":"","ocean_menu_link_background":"","ocean_menu_link_hover_background":"","ocean_menu_link_active_background":"","ocean_menu_social_links_bg":"","ocean_menu_social_hover_links_bg":"","ocean_menu_social_links_color":"","ocean_menu_social_hover_links_color":"","ocean_disable_title":"default","ocean_disable_heading":"default","ocean_post_title":"","ocean_post_subheading":"","ocean_post_title_style":"","ocean_post_title_background_color":"","ocean_post_title_background":0,"ocean_post_title_bg_image_position":"","ocean_post_title_bg_image_attachment":"","ocean_post_title_bg_image_repeat":"","ocean_post_title_bg_image_size":"","ocean_post_title_height":0,"ocean_post_title_bg_overlay":0.5,"ocean_post_title_bg_overlay_color":"","ocean_disable_breadcrumbs":"default","ocean_breadcrumbs_color":"","ocean_breadcrumbs_separator_color":"","ocean_breadcrumbs_links_color":"","ocean_breadcrumbs_links_hover_color":"","ocean_display_footer_widgets":"default","ocean_display_footer_bottom":"default","ocean_custom_footer_template":"","jetpack_post_was_ever_published":false,"footnotes":""},"class_list":["post-4203","page","type-page","status-publish","hentry","entry","has-media"],"jetpack_sharing_enabled":true,"jetpack_shortlink":"https:\/\/wp.me\/P8v7mw-15N","jetpack-related-posts":[],"_links":{"self":[{"href":"https:\/\/xn--lfsreisen-z7a.de\/index.php?rest_route=\/wp\/v2\/pages\/4203","targetHints":{"allow":["GET"]}}],"collection":[{"href":"https:\/\/xn--lfsreisen-z7a.de\/index.php?rest_route=\/wp\/v2\/pages"}],"about":[{"href":"https:\/\/xn--lfsreisen-z7a.de\/index.php?rest_route=\/wp\/v2\/types\/page"}],"author":[{"embeddable":true,"href":"https:\/\/xn--lfsreisen-z7a.de\/index.php?rest_route=\/wp\/v2\/users\/1"}],"replies":[{"embeddable":true,"href":"https:\/\/xn--lfsreisen-z7a.de\/index.php?rest_route=%2Fwp%2Fv2%2Fcomments&post=4203"}],"version-history":[{"count":1,"href":"https:\/\/xn--lfsreisen-z7a.de\/index.php?rest_route=\/wp\/v2\/pages\/4203\/revisions"}],"predecessor-version":[{"id":4204,"href":"https:\/\/xn--lfsreisen-z7a.de\/index.php?rest_route=\/wp\/v2\/pages\/4203\/revisions\/4204"}],"wp:attachment":[{"href":"https:\/\/xn--lfsreisen-z7a.de\/index.php?rest_route=%2Fwp%2Fv2%2Fmedia&parent=4203"}],"curies":[{"name":"wp","href":"https:\/\/api.w.org\/{rel}","templated":true}]}}