{"id":4200,"date":"2021-09-02T10:58:03","date_gmt":"2021-09-02T08:58:03","guid":{"rendered":"https:\/\/xn--lfsreisen-z7a.de\/?page_id=4200"},"modified":"2021-09-02T10:58:03","modified_gmt":"2021-09-02T08:58:03","slug":"gardasee-2021","status":"publish","type":"page","link":"https:\/\/xn--lfsreisen-z7a.de\/?page_id=4200","title":{"rendered":"Gardasee 2021"},"content":{"rendered":"<p>Nachdem das Jahr 2020 coronabedingt keine Urlaubstouren erm\u00f6glichte, waren wir im Jahr 2021 dann endlich wieder in der ersten Pfingstferienwoche am Gardasee zum Mountainbiken. Bereits zum vierten Mal in Folge gastieren wir dabei auf dem Campingplatz Europa in Torbole. Schlie\u00dflich haben wir ja einen Spacecamper.<\/p>\n<p>Die einzelnen Beitr\u00e4ge aus diesem Urlaub sind hier zu finden:<\/p>\n<h2 class=\"display-posts-title\">MTB-Urlaub 2021 am Gardasee<\/h2>\n<ul class=\"display-posts-listing\"><li class=\"listing-item\"><a class=\"title\" href=\"https:\/\/xn--lfsreisen-z7a.de\/?p=4107\">Alles andere als normal<\/a> <span class=\"date\">(22.Mai 2021)<\/span> <span class=\"excerpt-dash\">-<\/span> <span class=\"excerpt\">Wie soll ich nur anfangen? Die Corona Pandemie hat seit \u00fcber einem Jahr alles und jeden in ihrem unerbittlichen W\u00fcrgegriff. Seither sind f\u00fcr uns alle Reisen, Urlaube und selbst Kurztrips&hellip; <span class=\"excerpt-more\">...<\/span><\/span><\/li><li class=\"listing-item\"><a class=\"title\" href=\"https:\/\/xn--lfsreisen-z7a.de\/?p=4111\">Was f\u00fcr ein unfassbares Elend?!<\/a> <span class=\"date\">(23.Mai 2021)<\/span> <span class=\"excerpt-dash\">-<\/span> <span class=\"excerpt\">Heute war es dann soweit. Zum einen sa\u00dfen wir das erste Mal seit gef\u00fchlten Dekaden auf unseren Mountainbikes und kurbelten endlich mal wieder die \u00fcber die Jahre lieb gewonnenen Anstiege&hellip; <span class=\"excerpt-more\">...<\/span><\/span><\/li><li class=\"listing-item\"><a class=\"title\" href=\"https:\/\/xn--lfsreisen-z7a.de\/?p=4116\">Eine eher ruhige Kugel<\/a> <span class=\"date\">(25.Mai 2021)<\/span> <span class=\"excerpt-dash\">-<\/span> <span class=\"excerpt\">Es folgten zwei unter sportlichen Gesichtspunkten betrachtet eher wenig ereignisreiche Tage. Den Sonntag verbrachten wir stattdessen mit anderen durchaus wichtigen T\u00e4tigkeiten wie Wohnen, Ausnutzen kurzzeitiger Sonnenscheinfenster, Kontrollieren der Anwesenheit des&hellip; <span class=\"excerpt-more\">...<\/span><\/span><\/li><li class=\"listing-item\"><a class=\"title\" href=\"https:\/\/xn--lfsreisen-z7a.de\/?p=4122\">Irgendetwas ist immer<\/a> <span class=\"date\">(26.Mai 2021)<\/span> <span class=\"excerpt-dash\">-<\/span> <span class=\"excerpt\">Der Gardasee gilt ja schon seit vielen Dekaden gemeinhin als beliebtes Quartier f\u00fcr den bergaffinen Fahrradfreund, der auch nichts gegen grob verblockte Wege einzuwenden hat. Doch mittlerweile muss sich das&hellip; <span class=\"excerpt-more\">...<\/span><\/span><\/li><li class=\"listing-item\"><a class=\"title\" href=\"https:\/\/xn--lfsreisen-z7a.de\/?p=4132\">Der Federgabeltest<\/a> <span class=\"date\">(27.Mai 2021)<\/span> <span class=\"excerpt-dash\">-<\/span> <span class=\"excerpt\">Zu allererst musste die nun wieder hergestellte Federgabel getestet werden, um bewusst nicht das sehr weit aus dem Fenster gelehnte Wort \"repariert\" zu benutzen. Um das nicht gleich im schroffen&hellip; <span class=\"excerpt-more\">...<\/span><\/span><\/li><li class=\"listing-item\"><a class=\"title\" href=\"https:\/\/xn--lfsreisen-z7a.de\/?p=4142\">Ein guter Guide ist schwer zu finden<\/a> <span class=\"date\">(28.Mai 2021)<\/span> <span class=\"excerpt-dash\">-<\/span> <span class=\"excerpt\">Aus den gewissenhaft durchgef\u00fchrten Federgabeltests des Vortages ging ich mit halbwegs gest\u00e4rktem Vertrauen in das eigene Material hervor. Eine neue Tour f\u00fcr den neuen Tag musste also her. Das Anforderungsprofil&hellip; <span class=\"excerpt-more\">...<\/span><\/span><\/li><li class=\"listing-item\"><a class=\"title\" href=\"https:\/\/xn--lfsreisen-z7a.de\/?p=4154\">Die B\u00fcchse der Pandora<\/a> <span class=\"date\">(29.Mai 2021)<\/span> <span class=\"excerpt-dash\">-<\/span> <span class=\"excerpt\">Wie es sich f\u00fcr die Auftakttour in einen fahrradgepr\u00e4gten Urlaub geh\u00f6rt, waren wir am Freitag mal wieder in einer gr\u00f6\u00dferen Gruppe unterwegs. Niemand, der ein funktionierendes Mountainbike zur Hand hatte,&hellip; <span class=\"excerpt-more\">...<\/span><\/span><\/li><li class=\"listing-item\"><a class=\"title\" href=\"https:\/\/xn--lfsreisen-z7a.de\/?p=4171\">Wassersport und mehr<\/a> <span class=\"date\">(31.Mai 2021)<\/span> <span class=\"excerpt-dash\">-<\/span> <span class=\"excerpt\">Nach etlichen Tagen des M\u00fc\u00dfiggangs, unterbrochen lediglich durch die eine oder andere Fahrradtour, war nun endlich das mitgef\u00fchrte Wassersportger\u00e4t in Form des aufblasbaren SUP von Jutta gefragt. Schlie\u00dflich hatten wir&hellip; <span class=\"excerpt-more\">...<\/span><\/span><\/li><li class=\"listing-item\"><a class=\"title\" href=\"https:\/\/xn--lfsreisen-z7a.de\/?p=4186\">Die letzte Runde<\/a> <span class=\"date\">(01.Juni 2021)<\/span> <span class=\"excerpt-dash\">-<\/span> <span class=\"excerpt\">Da sich die Wetterprognosen f\u00fcr die n\u00e4chsten Tage durchaus vielversprechend und somit vor allem trocken und warm darstellten, blieben wir au\u00dferplanm\u00e4\u00dfig noch zwei weitere Tage am Gardasee. Damit war der&hellip; <span class=\"excerpt-more\">...<\/span><\/span><\/li><\/ul>\n","protected":false},"excerpt":{"rendered":"<p>Nachdem das Jahr 2020 coronabedingt keine Urlaubstouren erm\u00f6glichte, waren wir im Jahr 2021 dann endlich wieder in der ersten Pfingstferienwoche am Gardasee zum Mountainbiken. Bereits zum vierten Mal in Folge gastieren wir dabei auf dem Campingplatz Europa in Torbole. Schlie\u00dflich haben wir ja einen Spacecamper. Die einzelnen Beitr\u00e4ge aus diesem Urlaub sind hier zu finden:<\/p>\n","protected":false},"author":1,"featured_media":0,"parent":0,"menu_order":0,"comment_status":"closed","ping_status":"closed","template":"","meta":{"ocean_post_layout":"","ocean_both_sidebars_style":"","ocean_both_sidebars_content_width":0,"ocean_both_sidebars_sidebars_width":0,"ocean_sidebar":"","ocean_second_sidebar":"","ocean_disable_margins":"enable","ocean_add_body_class":"","ocean_shortcode_before_top_bar":"","ocean_shortcode_after_top_bar":"","ocean_shortcode_before_header":"","ocean_shortcode_after_header":"","ocean_has_shortcode":"","ocean_shortcode_after_title":"","ocean_shortcode_before_footer_widgets":"","ocean_shortcode_after_footer_widgets":"","ocean_shortcode_before_footer_bottom":"","ocean_shortcode_after_footer_bottom":"","ocean_display_top_bar":"default","ocean_display_header":"default","ocean_header_style":"","ocean_center_header_left_menu":"","ocean_custom_header_template":"","ocean_custom_logo":0,"ocean_custom_retina_logo":0,"ocean_custom_logo_max_width":0,"ocean_custom_logo_tablet_max_width":0,"ocean_custom_logo_mobile_max_width":0,"ocean_custom_logo_max_height":0,"ocean_custom_logo_tablet_max_height":0,"ocean_custom_logo_mobile_max_height":0,"ocean_header_custom_menu":"","ocean_menu_typo_font_family":"","ocean_menu_typo_font_subset":"","ocean_menu_typo_font_size":0,"ocean_menu_typo_font_size_tablet":0,"ocean_menu_typo_font_size_mobile":0,"ocean_menu_typo_font_size_unit":"px","ocean_menu_typo_font_weight":"","ocean_menu_typo_font_weight_tablet":"","ocean_menu_typo_font_weight_mobile":"","ocean_menu_typo_transform":"","ocean_menu_typo_transform_tablet":"","ocean_menu_typo_transform_mobile":"","ocean_menu_typo_line_height":0,"ocean_menu_typo_line_height_tablet":0,"ocean_menu_typo_line_height_mobile":0,"ocean_menu_typo_line_height_unit":"","ocean_menu_typo_spacing":0,"ocean_menu_typo_spacing_tablet":0,"ocean_menu_typo_spacing_mobile":0,"ocean_menu_typo_spacing_unit":"","ocean_menu_link_color":"","ocean_menu_link_color_hover":"","ocean_menu_link_color_active":"","ocean_menu_link_background":"","ocean_menu_link_hover_background":"","ocean_menu_link_active_background":"","ocean_menu_social_links_bg":"","ocean_menu_social_hover_links_bg":"","ocean_menu_social_links_color":"","ocean_menu_social_hover_links_color":"","ocean_disable_title":"default","ocean_disable_heading":"default","ocean_post_title":"","ocean_post_subheading":"","ocean_post_title_style":"","ocean_post_title_background_color":"","ocean_post_title_background":0,"ocean_post_title_bg_image_position":"","ocean_post_title_bg_image_attachment":"","ocean_post_title_bg_image_repeat":"","ocean_post_title_bg_image_size":"","ocean_post_title_height":0,"ocean_post_title_bg_overlay":0.5,"ocean_post_title_bg_overlay_color":"","ocean_disable_breadcrumbs":"default","ocean_breadcrumbs_color":"","ocean_breadcrumbs_separator_color":"","ocean_breadcrumbs_links_color":"","ocean_breadcrumbs_links_hover_color":"","ocean_display_footer_widgets":"default","ocean_display_footer_bottom":"default","ocean_custom_footer_template":"","jetpack_post_was_ever_published":false,"footnotes":""},"class_list":["post-4200","page","type-page","status-publish","hentry","entry","has-media"],"jetpack_sharing_enabled":true,"jetpack_shortlink":"https:\/\/wp.me\/P8v7mw-15K","jetpack-related-posts":[],"_links":{"self":[{"href":"https:\/\/xn--lfsreisen-z7a.de\/index.php?rest_route=\/wp\/v2\/pages\/4200","targetHints":{"allow":["GET"]}}],"collection":[{"href":"https:\/\/xn--lfsreisen-z7a.de\/index.php?rest_route=\/wp\/v2\/pages"}],"about":[{"href":"https:\/\/xn--lfsreisen-z7a.de\/index.php?rest_route=\/wp\/v2\/types\/page"}],"author":[{"embeddable":true,"href":"https:\/\/xn--lfsreisen-z7a.de\/index.php?rest_route=\/wp\/v2\/users\/1"}],"replies":[{"embeddable":true,"href":"https:\/\/xn--lfsreisen-z7a.de\/index.php?rest_route=%2Fwp%2Fv2%2Fcomments&post=4200"}],"version-history":[{"count":1,"href":"https:\/\/xn--lfsreisen-z7a.de\/index.php?rest_route=\/wp\/v2\/pages\/4200\/revisions"}],"predecessor-version":[{"id":4201,"href":"https:\/\/xn--lfsreisen-z7a.de\/index.php?rest_route=\/wp\/v2\/pages\/4200\/revisions\/4201"}],"wp:attachment":[{"href":"https:\/\/xn--lfsreisen-z7a.de\/index.php?rest_route=%2Fwp%2Fv2%2Fmedia&parent=4200"}],"curies":[{"name":"wp","href":"https:\/\/api.w.org\/{rel}","templated":true}]}}