{"id":2390,"date":"2017-07-12T21:43:49","date_gmt":"2017-07-12T19:43:49","guid":{"rendered":"http:\/\/xn--lfsreisen-z7a.de\/?page_id=2390"},"modified":"2017-08-06T11:30:03","modified_gmt":"2017-08-06T09:30:03","slug":"norwegen-2017","status":"publish","type":"page","link":"https:\/\/xn--lfsreisen-z7a.de\/?page_id=2390","title":{"rendered":"Norwegen 2017"},"content":{"rendered":"<p>Im Sommer 2017 geht es f\u00fcr unglaubliche f\u00fcnf Wochen zum Nordkapp und zur\u00fcck.<\/p>\n<p>Die einzelnen Beitr\u00e4ge aus diesem Urlaub sind hier zu finden:<\/p>\n<h2 class=\"display-posts-title\">Sommerurlaub 2017 zum Nordkapp<\/h2>\n<ul class=\"display-posts-listing\"><li class=\"listing-item\"><a class=\"title\" href=\"https:\/\/xn--lfsreisen-z7a.de\/?p=2387\">Endlich geht es los<\/a> <span class=\"date\">(12.Juli 2017)<\/span> <span class=\"excerpt-dash\">-<\/span> <span class=\"excerpt\">Nach monatelanger Vorbereitung und wochenlangem Packen unserer Utensilien sind wir am Ende doch endlich gestartet. Am Samstag ging es zun\u00e4chst nach Osnabr\u00fcck, um dort auch noch die allerletzten Erledigungen abzuhaken.&hellip; <span class=\"excerpt-more\">...<\/span><\/span><\/li><li class=\"listing-item\"><a class=\"title\" href=\"https:\/\/xn--lfsreisen-z7a.de\/?p=2396\">Die Vermessung der Ostsee<\/a> <span class=\"date\">(13.Juli 2017)<\/span> <span class=\"excerpt-dash\">-<\/span> <span class=\"excerpt\">Die heutige Etappe verlief einmal quer durch Schweden. Von G\u00f6teborg an der Ostsee bis nach G\u00e4vle an der Ostsee. Dies ist zumindest die vereinfachte Sicht der Dinge. Fragt man den&hellip; <span class=\"excerpt-more\">...<\/span><\/span><\/li><li class=\"listing-item\"><a class=\"title\" href=\"https:\/\/xn--lfsreisen-z7a.de\/?p=2400\">Der Weg zum Strand ist kein leichter<\/a> <span class=\"date\">(14.Juli 2017)<\/span> <span class=\"excerpt-dash\">-<\/span> <span class=\"excerpt\">Heute Morgen begr\u00fc\u00dfte uns in G\u00e4vle strahlender Sonnenschein. Und das vermutlich schon seit vier Uhr morgens, dank unserer sommerlichen und n\u00f6rdlichen Lage. Bemerkt haben wir das aber erst so gegen&hellip; <span class=\"excerpt-more\">...<\/span><\/span><\/li><li class=\"listing-item\"><a class=\"title\" href=\"https:\/\/xn--lfsreisen-z7a.de\/?p=2403\">Etappe mit Schrecken am Ende<\/a> <span class=\"date\">(15.Juli 2017)<\/span> <span class=\"excerpt-dash\">-<\/span> <span class=\"excerpt\">Das ist mal eine \u00dcberschrift, nicht wahr, werter Leser! Und das f\u00fcr eine Etappe, die allenfalls als \u00dcberf\u00fchrungsetappe mit eventuellem Ruhe- bzw. Nicht-Fahr-Tag im Anschluss geplant war. Aber der Reihe&hellip; <span class=\"excerpt-more\">...<\/span><\/span><\/li><li class=\"listing-item\"><a class=\"title\" href=\"https:\/\/xn--lfsreisen-z7a.de\/?p=2406\">Der Mann aus Minden oder die Ruhe vor dem Sturm<\/a> <span class=\"date\">(16.Juli 2017)<\/span> <span class=\"excerpt-dash\">-<\/span> <span class=\"excerpt\">Zun\u00e4chst m\u00f6chte ich Euch von dem Mann aus Minden erz\u00e4hlen. Das erste Mal gewahr von ihm wurden wir bei unserem schrecklichen Abzweig in Richtung Freizeitpark. Offenbar vor Schreck haben wir&hellip; <span class=\"excerpt-more\">...<\/span><\/span><\/li><li class=\"listing-item\"><a class=\"title\" href=\"https:\/\/xn--lfsreisen-z7a.de\/?p=2413\">Ein Rentier kommt selten allein<\/a> <span class=\"date\">(17.Juli 2017)<\/span> <span class=\"excerpt-dash\">-<\/span> <span class=\"excerpt\">Der Wetterforsch hatte leider Recht. Am Abend hatte es angefangen zu regnen und auch am folgenden Morgen war es prim\u00e4r nass. Unseren \"Pausentag\" hatten wir also genau richtig gelegt, unsere&hellip; <span class=\"excerpt-more\">...<\/span><\/span><\/li><li class=\"listing-item\"><a class=\"title\" href=\"https:\/\/xn--lfsreisen-z7a.de\/?p=2420\">Mitternachtstour<\/a> <span class=\"date\">(19.Juli 2017)<\/span> <span class=\"excerpt-dash\">-<\/span> <span class=\"excerpt\">Am heutigen Tag wurden wir wieder von den gleichen M\u00fccken begr\u00fc\u00dft, die uns gestern Abend schon aufgelauert hatten, abz\u00fcglich derer, die jetzt zermatscht von innen an unserer Windschutzscheibe kleben. Vom&hellip; <span class=\"excerpt-more\">...<\/span><\/span><\/li><li class=\"listing-item\"><a class=\"title\" href=\"https:\/\/xn--lfsreisen-z7a.de\/?p=2423\">Das Nordkapp im Nebel<\/a> <span class=\"date\">(19.Juli 2017)<\/span> <span class=\"excerpt-dash\">-<\/span> <span class=\"excerpt\">Das Fr\u00fchst\u00fcck war dank unseres mittlerweile leicht verschobenen Biorhythmus aufgrund der fehlenden Dunkelheit etwas sp\u00e4ter als sonst. Aber die Sonne lachte wieder vom wolkigen Himmel, so dass wir fast versucht&hellip; <span class=\"excerpt-more\">...<\/span><\/span><\/li><li class=\"listing-item\"><a class=\"title\" href=\"https:\/\/xn--lfsreisen-z7a.de\/?p=2426\">Der Globus ist doch noch da<\/a> <span class=\"date\">(20.Juli 2017)<\/span> <span class=\"excerpt-dash\">-<\/span> <span class=\"excerpt\">Die Nacht am Nordkapp begann sp\u00e4t. Die Hoffnung, dass die Sicht irgendwann noch aufklaren w\u00fcrde, best\u00e4tigte sich leider nicht mehr. Um kurz vor 1:00 Uhr waren wir noch schnell Z\u00e4hne&hellip; <span class=\"excerpt-more\">...<\/span><\/span><\/li><li class=\"listing-item\"><a class=\"title\" href=\"https:\/\/xn--lfsreisen-z7a.de\/?p=2430\">Ein St\u00fcck Hurtigrute<\/a> <span class=\"date\">(21.Juli 2017)<\/span> <span class=\"excerpt-dash\">-<\/span> <span class=\"excerpt\">Der Abschied vom Campingplatz in Hammerfest fiel uns gar nicht schwer. Bisher sicherlich die schw\u00e4chste Unterkunft auf unserer Reise. Trotzdem wir heute extrem fr\u00fch den Platz verlie\u00dfen, waren wir doch&hellip; <span class=\"excerpt-more\">...<\/span><\/span><\/li><li class=\"listing-item\"><a class=\"title\" href=\"https:\/\/xn--lfsreisen-z7a.de\/?p=2433\">Zur\u00fcck in der Sonne<\/a> <span class=\"date\">(22.Juli 2017)<\/span> <span class=\"excerpt-dash\">-<\/span> <span class=\"excerpt\">Der Tag begann mit einer frustrierenden Ern\u00fcchterung. Statt eines sommerlich blauen Himmels, wie er uns auf dem Schiff der Hurtigruten versprochen wurde, hingen die Wolken immer noch so tief, dass&hellip; <span class=\"excerpt-more\">...<\/span><\/span><\/li><li class=\"listing-item\"><a class=\"title\" href=\"https:\/\/xn--lfsreisen-z7a.de\/?p=2441\">Die Bezwingung der Fl\u00f8yah\u00f6he<\/a> <span class=\"date\">(23.Juli 2017)<\/span> <span class=\"excerpt-dash\">-<\/span> <span class=\"excerpt\">Wir stehen hier aktuell in Troms\u00f8 auf dem sicherlich unattraktivsten Platz der j\u00fcngeren Vergangenheit. Auf der einen Seite die privilegierten Fr\u00fchaufsteher, die einen der begehrten Kunstrasenpl\u00e4tze mit Stromanschluss bekommen haben.&hellip; <span class=\"excerpt-more\">...<\/span><\/span><\/li><li class=\"listing-item\"><a class=\"title\" href=\"https:\/\/xn--lfsreisen-z7a.de\/?p=2447\">Das lange Warten<\/a> <span class=\"date\">(24.Juli 2017)<\/span> <span class=\"excerpt-dash\">-<\/span> <span class=\"excerpt\">Unaufh\u00f6rlich brannte die Sonne vom Himmel. Der Fr\u00fchst\u00fccksplatz bot \u00fcberhaupt keinen Schatten. Trotzdem wagten wir uns in die pralle Sonne, ohne uns vorher dick mit Sonnencreme eingeschmiert zu haben. Obwohl&hellip; <span class=\"excerpt-more\">...<\/span><\/span><\/li><li class=\"listing-item\"><a class=\"title\" href=\"https:\/\/xn--lfsreisen-z7a.de\/?p=2452\">Die Mitternachtssonne<\/a> <span class=\"date\">(25.Juli 2017)<\/span> <span class=\"excerpt-dash\">-<\/span> <span class=\"excerpt\">Auf den letzten Dr\u00fccker haben wir noch eine exklusive Mittsommernacht begangen. Best\u00fcckt mit unseren faltbaren gepolsterten Bodenst\u00fchlen und einer Fleecedecke sind wir mit dem Fahrrad ein kleines St\u00fcck nach Norden&hellip; <span class=\"excerpt-more\">...<\/span><\/span><\/li><li class=\"listing-item\"><a class=\"title\" href=\"https:\/\/xn--lfsreisen-z7a.de\/?p=2455\">Die B\u00e4ckerverschw\u00f6rung<\/a> <span class=\"date\">(26.Juli 2017)<\/span> <span class=\"excerpt-dash\">-<\/span> <span class=\"excerpt\">Das schon gestern erw\u00e4hnte Sanit\u00e4rhaus hatte einen eklatant verranzten Eindruck bei uns hinterlassen. Daher reichte uns am fr\u00fchen Morgen eine Katzenw\u00e4sche, vor dem gro\u00dfen Ansturm der Horden auf dem gut&hellip; <span class=\"excerpt-more\">...<\/span><\/span><\/li><li class=\"listing-item\"><a class=\"title\" href=\"https:\/\/xn--lfsreisen-z7a.de\/?p=2459\">Badetag<\/a> <span class=\"date\">(27.Juli 2017)<\/span> <span class=\"excerpt-dash\">-<\/span> <span class=\"excerpt\">Die Lofoten sind landschaftlich wirklich eine wahre Freude. T\u00fcrkisblaue Fjorde durchschneiden schroffe Bergwelten. Dazwischen liebliche H\u00fcgel zwischen Seen und B\u00e4chen. Hinter jeder Ecke kommt ein neues fotogenes Postkartenmotiv. Wenn man&hellip; <span class=\"excerpt-more\">...<\/span><\/span><\/li><li class=\"listing-item\"><a class=\"title\" href=\"https:\/\/xn--lfsreisen-z7a.de\/?p=2461\">Sandstr\u00e4nde auf den Lofoten<\/a> <span class=\"date\">(28.Juli 2017)<\/span> <span class=\"excerpt-dash\">-<\/span> <span class=\"excerpt\">Ich will Euch ja nicht schon wieder mit der selben alten Leier langweilen, dass wir mal wieder bei wolkenlosem Himmel und an die 20 Grad gefr\u00fchst\u00fcckt haben, um dann wieder&hellip; <span class=\"excerpt-more\">...<\/span><\/span><\/li><li class=\"listing-item\"><a class=\"title\" href=\"https:\/\/xn--lfsreisen-z7a.de\/?p=2466\">Tag am Meer<\/a> <span class=\"date\">(29.Juli 2017)<\/span> <span class=\"excerpt-dash\">-<\/span> <span class=\"excerpt\">Heute lie\u00dfen wir es bewusst ruhig angehen. W\u00e4hrend um uns herum die Leute in hektischer Betriebsamkeit ihre Sachen zusammen r\u00e4umten und versuchten, m\u00f6glichst fr\u00fch aufzubrechen, genossen wir ein sonniges Fr\u00fchst\u00fcck&hellip; <span class=\"excerpt-more\">...<\/span><\/span><\/li><li class=\"listing-item\"><a class=\"title\" href=\"https:\/\/xn--lfsreisen-z7a.de\/?p=2468\">Abschied von den Lofoten<\/a> <span class=\"date\">(30.Juli 2017)<\/span> <span class=\"excerpt-dash\">-<\/span> <span class=\"excerpt\">Die erste Erkenntnis des neuen Tages ist, dass die Sonne wieder verschwunden ist und mit ihr die wohlig warmen Temperaturen. In der Nacht gab es den ersten Regen seit Tagen.&hellip; <span class=\"excerpt-more\">...<\/span><\/span><\/li><li class=\"listing-item\"><a class=\"title\" href=\"https:\/\/xn--lfsreisen-z7a.de\/?p=2471\">Wassermassen<\/a> <span class=\"date\">(31.Juli 2017)<\/span> <span class=\"excerpt-dash\">-<\/span> <span class=\"excerpt\">Auf der F\u00e4hre lernten wir ein sechsk\u00f6pfige Familie aus Westfalen-Lippe lieben. Es gab genau einen gro\u00dfen Salon, in dem sich alle Passagiere aufhalten konnten, so sie denn \u00fcber Deck nicht&hellip; <span class=\"excerpt-more\">...<\/span><\/span><\/li><li class=\"listing-item\"><a class=\"title\" href=\"https:\/\/xn--lfsreisen-z7a.de\/?p=2480\">Der Gletscher<\/a> <span class=\"date\">(01.Aug. 2017)<\/span> <span class=\"excerpt-dash\">-<\/span> <span class=\"excerpt\">In der Nacht und auch den ganzen Tag \u00fcber hat es geregnet. Nichtsdestotrotz wagten wir den Abstecher zum zweitgr\u00f6\u00dften Gletscher Norwegens, den Svartisen. Auf einer an einigen Stellen eher schlecht&hellip; <span class=\"excerpt-more\">...<\/span><\/span><\/li><li class=\"listing-item\"><a class=\"title\" href=\"https:\/\/xn--lfsreisen-z7a.de\/?p=2487\">Unterwegs auf dem Kystriksveien<\/a> <span class=\"date\">(02.Aug. 2017)<\/span> <span class=\"excerpt-dash\">-<\/span> <span class=\"excerpt\">Als w\u00e4re nichts gewesen, begr\u00fc\u00dfte uns der heutige Tag wieder mit Sonnenschein. Umso sch\u00f6ner, dass es direkt am Campingplatz auch noch frische Br\u00f6tchen zu kaufen gab. Das gab es zuletzt&hellip; <span class=\"excerpt-more\">...<\/span><\/span><\/li><li class=\"listing-item\"><a class=\"title\" href=\"https:\/\/xn--lfsreisen-z7a.de\/?p=2496\">Das Kayak-Desaster oder die Schleife durch den Torghatten<\/a> <span class=\"date\">(03.Aug. 2017)<\/span> <span class=\"excerpt-dash\">-<\/span> <span class=\"excerpt\">G\u00e4hn! Der Morgen hatte schon wieder Sonnenschein f\u00fcr uns parat. Ich habe irgendwann aufgeh\u00f6rt zu z\u00e4hlen, wie viele Tage wir jetzt schon in Skandinavien mit herrlichstem Sonnenschein verbracht haben. Da&hellip; <span class=\"excerpt-more\">...<\/span><\/span><\/li><li class=\"listing-item\"><a class=\"title\" href=\"https:\/\/xn--lfsreisen-z7a.de\/?p=2500\">\u00dcberall Hurtigruten<\/a> <span class=\"date\">(04.Aug. 2017)<\/span> <span class=\"excerpt-dash\">-<\/span> <span class=\"excerpt\">Heute ging es wieder weiter entlang der K\u00fcste gen S\u00fcden. Erster Stopp war zum ersten Mal ein Weinmonopolladen, um unsere dezimierten Getr\u00e4nkereserven endlich ein wenig aufzustocken. Da wir im Vorfeld&hellip; <span class=\"excerpt-more\">...<\/span><\/span><\/li><li class=\"listing-item\"><a class=\"title\" href=\"https:\/\/xn--lfsreisen-z7a.de\/?p=2504\">Von Blaubeeren und Elchen und Rotbarschen<\/a> <span class=\"date\">(05.Aug. 2017)<\/span> <span class=\"excerpt-dash\">-<\/span> <span class=\"excerpt\">Heute morgen beschlossen wir spontan, noch einen Tag l\u00e4nger in R\u00f8rvik zu bleiben, da hier gerade so sch\u00f6n die Sonne scheint und weiter im S\u00fcden das deutlich schlechtere Wetter droht.&hellip; <span class=\"excerpt-more\">...<\/span><\/span><\/li><li class=\"listing-item\"><a class=\"title\" href=\"https:\/\/xn--lfsreisen-z7a.de\/?p=2510\">Wo bleibt die Norwegische Erdbeere?<\/a> <span class=\"date\">(06.Aug. 2017)<\/span> <span class=\"excerpt-dash\">-<\/span> <span class=\"excerpt\">Der Abend wurde noch recht gesellig, da wir im Ausgleich zu den filetierten Rotbarschen unseren Nachbarn eine Flasche Rotwein \u00fcberreichten, die wir letztendlich dann gemeinsam auf ihrer windgesch\u00fctzten Terrasse vernichtet&hellip; <span class=\"excerpt-more\">...<\/span><\/span><\/li><li class=\"listing-item\"><a class=\"title\" href=\"https:\/\/xn--lfsreisen-z7a.de\/?p=2517\">Durch den Regen<\/a> <span class=\"date\">(07.Aug. 2017)<\/span> <span class=\"excerpt-dash\">-<\/span> <span class=\"excerpt\">Die Nacht war dann tats\u00e4chlich nicht komplett trocken. Vorausschauend hatten wir aber alle Klamotten schon abends ins Auto verfrachtet, so dass wir zum einen keine nassen Sachen einpacken mussten und&hellip; <span class=\"excerpt-more\">...<\/span><\/span><\/li><li class=\"listing-item\"><a class=\"title\" href=\"https:\/\/xn--lfsreisen-z7a.de\/?p=2521\">Die ausgetretenen Pfade<\/a> <span class=\"date\">(08.Aug. 2017)<\/span> <span class=\"excerpt-dash\">-<\/span> <span class=\"excerpt\">Auch diese Nacht war nass. Doch p\u00fcnktlich zum Fr\u00fchst\u00fcck wurde es trocken und beim Einpacken kam sogar die Sonne wieder raus und gab den Blick frei auf die tiefe Schlucht,&hellip; <span class=\"excerpt-more\">...<\/span><\/span><\/li><li class=\"listing-item\"><a class=\"title\" href=\"https:\/\/xn--lfsreisen-z7a.de\/?p=2528\">Die schw\u00e4chelnden Schwestern<\/a> <span class=\"date\">(09.Aug. 2017)<\/span> <span class=\"excerpt-dash\">-<\/span> <span class=\"excerpt\">Geweckt wurden wir durch ein sonores, nicht aufh\u00f6ren wollendes Brummen, dass \u00fcber dem gesamten Fjord lag. Als wir unsere Gedanken soweit geordnet hatten, dass wir in etwa wussten, an welchem&hellip; <span class=\"excerpt-more\">...<\/span><\/span><\/li><li class=\"listing-item\"><a class=\"title\" href=\"https:\/\/xn--lfsreisen-z7a.de\/?p=2538\">Wenn ihr Euch fragt, warum heute noch kein Beitrag da ist&#8230;<\/a> <span class=\"date\">(11.Aug. 2017)<\/span> <span class=\"excerpt-dash\">-<\/span> <span class=\"excerpt\"> <span class=\"excerpt-more\">...<\/span><\/span><\/li><li class=\"listing-item\"><a class=\"title\" href=\"https:\/\/xn--lfsreisen-z7a.de\/?p=2547\">Das Ende naht<\/a> <span class=\"date\">(11.Aug. 2017)<\/span> <span class=\"excerpt-dash\">-<\/span> <span class=\"excerpt\">Wie kaum anders zu erwarten war, konnten wir am Morgen auf unserer gro\u00dfen Wiese in der Sonne fr\u00fchst\u00fccken. Die wenigen anderen G\u00e4ste waren auch wieder sehr fr\u00fch aufgebrochen, so dass&hellip; <span class=\"excerpt-more\">...<\/span><\/span><\/li><li class=\"listing-item\"><a class=\"title\" href=\"https:\/\/xn--lfsreisen-z7a.de\/?p=2551\">Kopenhagen zum Abschluss<\/a> <span class=\"date\">(12.Aug. 2017)<\/span> <span class=\"excerpt-dash\">-<\/span> <span class=\"excerpt\">Mit dem Waschhaus hatten wir in Kopenhagen mal wieder nur mittelm\u00e4\u00dfiges Gl\u00fcck. Viel zu wenige Anlagen f\u00fcr einen komplett \u00fcberf\u00fcllten Platz. Da treibt es in den Morgenstunden hilflos umhersuchende M\u00e4nner&hellip; <span class=\"excerpt-more\">...<\/span><\/span><\/li><li class=\"listing-item\"><a class=\"title\" href=\"https:\/\/xn--lfsreisen-z7a.de\/?p=2555\">Schluss &#8211; Aus &#8211; Vorbei<\/a> <span class=\"date\">(13.Aug. 2017)<\/span> <span class=\"excerpt-dash\">-<\/span> <span class=\"excerpt\">Der Sonnenschein kam p\u00fcnktlich zum Fr\u00fchst\u00fcck. Als Quintessenz kann man also sagen, dass Skandinavien ein absolutes Sch\u00f6n-Wetter-Gebiet ist, in dem man wunderbaren Sommerurlaub verbringen kann. So viel Sonne, wie wir&hellip; <span class=\"excerpt-more\">...<\/span><\/span><\/li><\/ul>\n","protected":false},"excerpt":{"rendered":"<p>Im Sommer 2017 geht es f\u00fcr unglaubliche f\u00fcnf Wochen zum Nordkapp und zur\u00fcck. Die einzelnen Beitr\u00e4ge aus diesem Urlaub sind hier zu finden:<\/p>\n","protected":false},"author":1,"featured_media":0,"parent":0,"menu_order":0,"comment_status":"closed","ping_status":"closed","template":"","meta":{"ocean_post_layout":"","ocean_both_sidebars_style":"","ocean_both_sidebars_content_width":0,"ocean_both_sidebars_sidebars_width":0,"ocean_sidebar":"","ocean_second_sidebar":"","ocean_disable_margins":"enable","ocean_add_body_class":"","ocean_shortcode_before_top_bar":"","ocean_shortcode_after_top_bar":"","ocean_shortcode_before_header":"","ocean_shortcode_after_header":"","ocean_has_shortcode":"","ocean_shortcode_after_title":"","ocean_shortcode_before_footer_widgets":"","ocean_shortcode_after_footer_widgets":"","ocean_shortcode_before_footer_bottom":"","ocean_shortcode_after_footer_bottom":"","ocean_display_top_bar":"default","ocean_display_header":"default","ocean_header_style":"","ocean_center_header_left_menu":"","ocean_custom_header_template":"","ocean_custom_logo":0,"ocean_custom_retina_logo":0,"ocean_custom_logo_max_width":0,"ocean_custom_logo_tablet_max_width":0,"ocean_custom_logo_mobile_max_width":0,"ocean_custom_logo_max_height":0,"ocean_custom_logo_tablet_max_height":0,"ocean_custom_logo_mobile_max_height":0,"ocean_header_custom_menu":"","ocean_menu_typo_font_family":"","ocean_menu_typo_font_subset":"","ocean_menu_typo_font_size":0,"ocean_menu_typo_font_size_tablet":0,"ocean_menu_typo_font_size_mobile":0,"ocean_menu_typo_font_size_unit":"px","ocean_menu_typo_font_weight":"","ocean_menu_typo_font_weight_tablet":"","ocean_menu_typo_font_weight_mobile":"","ocean_menu_typo_transform":"","ocean_menu_typo_transform_tablet":"","ocean_menu_typo_transform_mobile":"","ocean_menu_typo_line_height":0,"ocean_menu_typo_line_height_tablet":0,"ocean_menu_typo_line_height_mobile":0,"ocean_menu_typo_line_height_unit":"","ocean_menu_typo_spacing":0,"ocean_menu_typo_spacing_tablet":0,"ocean_menu_typo_spacing_mobile":0,"ocean_menu_typo_spacing_unit":"","ocean_menu_link_color":"","ocean_menu_link_color_hover":"","ocean_menu_link_color_active":"","ocean_menu_link_background":"","ocean_menu_link_hover_background":"","ocean_menu_link_active_background":"","ocean_menu_social_links_bg":"","ocean_menu_social_hover_links_bg":"","ocean_menu_social_links_color":"","ocean_menu_social_hover_links_color":"","ocean_disable_title":"default","ocean_disable_heading":"default","ocean_post_title":"","ocean_post_subheading":"","ocean_post_title_style":"","ocean_post_title_background_color":"","ocean_post_title_background":0,"ocean_post_title_bg_image_position":"","ocean_post_title_bg_image_attachment":"","ocean_post_title_bg_image_repeat":"","ocean_post_title_bg_image_size":"","ocean_post_title_height":0,"ocean_post_title_bg_overlay":0.5,"ocean_post_title_bg_overlay_color":"","ocean_disable_breadcrumbs":"default","ocean_breadcrumbs_color":"","ocean_breadcrumbs_separator_color":"","ocean_breadcrumbs_links_color":"","ocean_breadcrumbs_links_hover_color":"","ocean_display_footer_widgets":"default","ocean_display_footer_bottom":"default","ocean_custom_footer_template":"","jetpack_post_was_ever_published":false,"footnotes":""},"class_list":["post-2390","page","type-page","status-publish","hentry","entry","has-media"],"jetpack_sharing_enabled":true,"jetpack_shortlink":"https:\/\/wp.me\/P8v7mw-Cy","jetpack-related-posts":[],"_links":{"self":[{"href":"https:\/\/xn--lfsreisen-z7a.de\/index.php?rest_route=\/wp\/v2\/pages\/2390","targetHints":{"allow":["GET"]}}],"collection":[{"href":"https:\/\/xn--lfsreisen-z7a.de\/index.php?rest_route=\/wp\/v2\/pages"}],"about":[{"href":"https:\/\/xn--lfsreisen-z7a.de\/index.php?rest_route=\/wp\/v2\/types\/page"}],"author":[{"embeddable":true,"href":"https:\/\/xn--lfsreisen-z7a.de\/index.php?rest_route=\/wp\/v2\/users\/1"}],"replies":[{"embeddable":true,"href":"https:\/\/xn--lfsreisen-z7a.de\/index.php?rest_route=%2Fwp%2Fv2%2Fcomments&post=2390"}],"version-history":[{"count":5,"href":"https:\/\/xn--lfsreisen-z7a.de\/index.php?rest_route=\/wp\/v2\/pages\/2390\/revisions"}],"predecessor-version":[{"id":2508,"href":"https:\/\/xn--lfsreisen-z7a.de\/index.php?rest_route=\/wp\/v2\/pages\/2390\/revisions\/2508"}],"wp:attachment":[{"href":"https:\/\/xn--lfsreisen-z7a.de\/index.php?rest_route=%2Fwp%2Fv2%2Fmedia&parent=2390"}],"curies":[{"name":"wp","href":"https:\/\/api.w.org\/{rel}","templated":true}]}}