{"id":2372,"date":"2017-06-18T23:22:56","date_gmt":"2017-06-18T21:22:56","guid":{"rendered":"http:\/\/xn--lfsreisen-z7a.de\/?page_id=2372"},"modified":"2017-06-18T23:22:56","modified_gmt":"2017-06-18T21:22:56","slug":"gardasee-2017","status":"publish","type":"page","link":"https:\/\/xn--lfsreisen-z7a.de\/?page_id=2372","title":{"rendered":"Gardasee 2017"},"content":{"rendered":"<p>Traditionell verbringen wir jedes Jahr eine der beiden Pfingstferienwochen am Gardasee zum Mountainbiken. Dieses Jahr war es das erste Jahr, in dem wir nicht mehr in Arco Vacanze untergekommen sind, sondern auf dem Campingplatz Europa in Torbole.<\/p>\n<p>Die einzelnen Beitr\u00e4ge aus diesem Urlaub sind hier zu finden:<\/p>\n<h2 class=\"display-posts-title\">MTB-Urlaub 2017 am Gardasee<\/h2>\n<ul class=\"display-posts-listing\"><li class=\"listing-item\"><a class=\"title\" href=\"https:\/\/xn--lfsreisen-z7a.de\/?p=2330\">Der falsche Gardasee<\/a> <span class=\"date\">(03.Juni 2017)<\/span> <span class=\"excerpt-dash\">-<\/span> <span class=\"excerpt\">In diesem Jahr ist bei unserer Stippvisite am Gardasee alles irgendwie anders. Unsere Unterkunft ist in diesem Jahr erstmals der Campingplatz Europa in Torbole und nicht mehr die lieb gewonnene&hellip; <span class=\"excerpt-more\">...<\/span><\/span><\/li><li class=\"listing-item\"><a class=\"title\" href=\"https:\/\/xn--lfsreisen-z7a.de\/?p=2339\">Der Einstieg<\/a> <span class=\"date\">(04.Juni 2017)<\/span> <span class=\"excerpt-dash\">-<\/span> <span class=\"excerpt\">Fast schon traditionell beginnt auch dieses Jahr unser ausgekl\u00fcgeltes Sportprogramm mit einer Tour die Ponale hinauf nach Pregasina. Die auf neun Radler angewachsene Sportgruppe erklimmt den Berg bei sch\u00f6nstem Sommerwetter.&hellip; <span class=\"excerpt-more\">...<\/span><\/span><\/li><li class=\"listing-item\"><a class=\"title\" href=\"https:\/\/xn--lfsreisen-z7a.de\/?p=2341\">Der Naranch Trail und ein bisschen Regen<\/a> <span class=\"date\">(05.Juni 2017)<\/span> <span class=\"excerpt-dash\">-<\/span> <span class=\"excerpt\">Der Sonntag ist gro\u00dfer Abreisetag bei den Italienern. Wider Erwarten lichten sich die Reihen auf dem Campingplatz im Laufe des Vormittags. Auch der Platz direkt neben unserem wird frei. Kurz&hellip; <span class=\"excerpt-more\">...<\/span><\/span><\/li><li class=\"listing-item\"><a class=\"title\" href=\"https:\/\/xn--lfsreisen-z7a.de\/?p=2344\">Regentag<\/a> <span class=\"date\">(06.Juni 2017)<\/span> <span class=\"excerpt-dash\">-<\/span> <span class=\"excerpt\">Eigentlich ist mit dem Titel schon alles gesagt. Heute regnet und gewittert es den ganzen Tag. Einzelne kurze Sonnenfenster werden genutzt, um zu hoffen, dass es jetzt wieder sch\u00f6n wird.&hellip; <span class=\"excerpt-more\">...<\/span><\/span><\/li><li class=\"listing-item\"><a class=\"title\" href=\"https:\/\/xn--lfsreisen-z7a.de\/?p=2346\">Trails<\/a> <span class=\"date\">(08.Juni 2017)<\/span> <span class=\"excerpt-dash\">-<\/span> <span class=\"excerpt\">So tr\u00fcb der gestrige Regentag war, so sommerlich pr\u00e4sentiert sich der Tag heute. Beste Bedingungen also, um den n\u00e4chsten Radausflug zu starten. Als zus\u00e4tzliches Schmankerl war die Sicht heute so&hellip; <span class=\"excerpt-more\">...<\/span><\/span><\/li><li class=\"listing-item\"><a class=\"title\" href=\"https:\/\/xn--lfsreisen-z7a.de\/?p=2350\">Geburtstag mit Wassersport<\/a> <span class=\"date\">(09.Juni 2017)<\/span> <span class=\"excerpt-dash\">-<\/span> <span class=\"excerpt\">Heute ist Steffens Geburtstag und zus\u00e4tzlich nach dem ganzen Fahrradfahren der letzten Tage ein wohlverdienter Pausentag. Lediglich Christine und Marco schickten wir zum Passo Rochetta und nahmen Samy mit in&hellip; <span class=\"excerpt-more\">...<\/span><\/span><\/li><li class=\"listing-item\"><a class=\"title\" href=\"https:\/\/xn--lfsreisen-z7a.de\/?p=2352\">Die Abschiedstour<\/a> <span class=\"date\">(11.Juni 2017)<\/span> <span class=\"excerpt-dash\">-<\/span> <span class=\"excerpt\">Irgendwann ist auch die l\u00e4ngste Gardaseewoche vorbei. Am letzten Tag waren wir vormittags nochmals kurz auf dem See, um das enge Zeitfenster ohne viele Wellen abzupassen. Da das Zeitfenster wirklich&hellip; <span class=\"excerpt-more\">...<\/span><\/span><\/li><\/ul>\n","protected":false},"excerpt":{"rendered":"<p>Traditionell verbringen wir jedes Jahr eine der beiden Pfingstferienwochen am Gardasee zum Mountainbiken. Dieses Jahr war es das erste Jahr, in dem wir nicht mehr in Arco Vacanze untergekommen sind, sondern auf dem Campingplatz Europa in Torbole. Die einzelnen Beitr\u00e4ge aus diesem Urlaub sind hier zu finden:<\/p>\n","protected":false},"author":1,"featured_media":0,"parent":0,"menu_order":0,"comment_status":"closed","ping_status":"closed","template":"","meta":{"ocean_post_layout":"","ocean_both_sidebars_style":"","ocean_both_sidebars_content_width":0,"ocean_both_sidebars_sidebars_width":0,"ocean_sidebar":"","ocean_second_sidebar":"","ocean_disable_margins":"enable","ocean_add_body_class":"","ocean_shortcode_before_top_bar":"","ocean_shortcode_after_top_bar":"","ocean_shortcode_before_header":"","ocean_shortcode_after_header":"","ocean_has_shortcode":"","ocean_shortcode_after_title":"","ocean_shortcode_before_footer_widgets":"","ocean_shortcode_after_footer_widgets":"","ocean_shortcode_before_footer_bottom":"","ocean_shortcode_after_footer_bottom":"","ocean_display_top_bar":"default","ocean_display_header":"default","ocean_header_style":"","ocean_center_header_left_menu":"","ocean_custom_header_template":"","ocean_custom_logo":0,"ocean_custom_retina_logo":0,"ocean_custom_logo_max_width":0,"ocean_custom_logo_tablet_max_width":0,"ocean_custom_logo_mobile_max_width":0,"ocean_custom_logo_max_height":0,"ocean_custom_logo_tablet_max_height":0,"ocean_custom_logo_mobile_max_height":0,"ocean_header_custom_menu":"","ocean_menu_typo_font_family":"","ocean_menu_typo_font_subset":"","ocean_menu_typo_font_size":0,"ocean_menu_typo_font_size_tablet":0,"ocean_menu_typo_font_size_mobile":0,"ocean_menu_typo_font_size_unit":"px","ocean_menu_typo_font_weight":"","ocean_menu_typo_font_weight_tablet":"","ocean_menu_typo_font_weight_mobile":"","ocean_menu_typo_transform":"","ocean_menu_typo_transform_tablet":"","ocean_menu_typo_transform_mobile":"","ocean_menu_typo_line_height":0,"ocean_menu_typo_line_height_tablet":0,"ocean_menu_typo_line_height_mobile":0,"ocean_menu_typo_line_height_unit":"","ocean_menu_typo_spacing":0,"ocean_menu_typo_spacing_tablet":0,"ocean_menu_typo_spacing_mobile":0,"ocean_menu_typo_spacing_unit":"","ocean_menu_link_color":"","ocean_menu_link_color_hover":"","ocean_menu_link_color_active":"","ocean_menu_link_background":"","ocean_menu_link_hover_background":"","ocean_menu_link_active_background":"","ocean_menu_social_links_bg":"","ocean_menu_social_hover_links_bg":"","ocean_menu_social_links_color":"","ocean_menu_social_hover_links_color":"","ocean_disable_title":"default","ocean_disable_heading":"default","ocean_post_title":"","ocean_post_subheading":"","ocean_post_title_style":"","ocean_post_title_background_color":"","ocean_post_title_background":0,"ocean_post_title_bg_image_position":"","ocean_post_title_bg_image_attachment":"","ocean_post_title_bg_image_repeat":"","ocean_post_title_bg_image_size":"","ocean_post_title_height":0,"ocean_post_title_bg_overlay":0.5,"ocean_post_title_bg_overlay_color":"","ocean_disable_breadcrumbs":"default","ocean_breadcrumbs_color":"","ocean_breadcrumbs_separator_color":"","ocean_breadcrumbs_links_color":"","ocean_breadcrumbs_links_hover_color":"","ocean_display_footer_widgets":"default","ocean_display_footer_bottom":"default","ocean_custom_footer_template":"","jetpack_post_was_ever_published":false,"footnotes":""},"class_list":["post-2372","page","type-page","status-publish","hentry","entry","has-media"],"jetpack_sharing_enabled":true,"jetpack_shortlink":"https:\/\/wp.me\/P8v7mw-Cg","jetpack-related-posts":[],"_links":{"self":[{"href":"https:\/\/xn--lfsreisen-z7a.de\/index.php?rest_route=\/wp\/v2\/pages\/2372","targetHints":{"allow":["GET"]}}],"collection":[{"href":"https:\/\/xn--lfsreisen-z7a.de\/index.php?rest_route=\/wp\/v2\/pages"}],"about":[{"href":"https:\/\/xn--lfsreisen-z7a.de\/index.php?rest_route=\/wp\/v2\/types\/page"}],"author":[{"embeddable":true,"href":"https:\/\/xn--lfsreisen-z7a.de\/index.php?rest_route=\/wp\/v2\/users\/1"}],"replies":[{"embeddable":true,"href":"https:\/\/xn--lfsreisen-z7a.de\/index.php?rest_route=%2Fwp%2Fv2%2Fcomments&post=2372"}],"version-history":[{"count":2,"href":"https:\/\/xn--lfsreisen-z7a.de\/index.php?rest_route=\/wp\/v2\/pages\/2372\/revisions"}],"predecessor-version":[{"id":2374,"href":"https:\/\/xn--lfsreisen-z7a.de\/index.php?rest_route=\/wp\/v2\/pages\/2372\/revisions\/2374"}],"wp:attachment":[{"href":"https:\/\/xn--lfsreisen-z7a.de\/index.php?rest_route=%2Fwp%2Fv2%2Fmedia&parent=2372"}],"curies":[{"name":"wp","href":"https:\/\/api.w.org\/{rel}","templated":true}]}}