{"id":2020,"date":"2017-03-13T23:18:28","date_gmt":"2017-03-13T23:18:28","guid":{"rendered":"http:\/\/xn--lfsreisen-z7a.de\/?page_id=2020"},"modified":"2017-03-14T14:37:50","modified_gmt":"2017-03-14T14:37:50","slug":"skifahren-2016-in-inneralpbach","status":"publish","type":"page","link":"https:\/\/xn--lfsreisen-z7a.de\/?page_id=2020","title":{"rendered":"Skifahren 2016 in Sankt Anton am Vorarlberg"},"content":{"rendered":"<p>Der Skiurlaub mit Familie Ratz ging 2016 nach Sankt Anton am Vorarlberg. <\/p>\n<p>Die einzelnen Beitr\u00e4ge aus dem Urlaub sind hier zu finden:<\/p>\n<h2 class=\"display-posts-title\">Skiurlaub 2016 in Sankt Anton am Vorarlberg<\/h2>\n<ul class=\"display-posts-listing\"><li class=\"listing-item\"><a class=\"title\" href=\"https:\/\/xn--lfsreisen-z7a.de\/?p=515\">Die Anreise zum Skiurlaub<\/a> <span class=\"date\">(20.Feb. 2016)<\/span> <span class=\"excerpt-dash\">-<\/span> <span class=\"excerpt\">Und schon wieder ist ein Jahr vorbei. Wie die Zeit verfliegt. Au\u00dfer uns haben sich im vergangenen Jahr scheinbar weitere hunderttausend Menschen in Deutschland und vor allem auch in den&hellip; <span class=\"excerpt-more\">...<\/span><\/span><\/li><li class=\"listing-item\"><a class=\"title\" href=\"https:\/\/xn--lfsreisen-z7a.de\/?p=520\">Wasserski am Arlberg<\/a> <span class=\"date\">(21.Feb. 2016)<\/span> <span class=\"excerpt-dash\">-<\/span> <span class=\"excerpt\">Sp\u00e4testens in der Nacht stellte sich heraus, dass eine sorgf\u00e4ltige Auswahl der Unterkunft nicht nur von Nachteil ist. Die N\u00e4he zur Arlbergstra\u00dfe ist zwar unter logistischen Gesichtspunkten famos, aber die&hellip; <span class=\"excerpt-more\">...<\/span><\/span><\/li><li class=\"listing-item\"><a class=\"title\" href=\"https:\/\/xn--lfsreisen-z7a.de\/?p=525\">Kaiserwetter f\u00fcr die Skik\u00f6nigin<\/a> <span class=\"date\">(22.Feb. 2016)<\/span> <span class=\"excerpt-dash\">-<\/span> <span class=\"excerpt\">Der Tag begann wie der alte aufgeh\u00f6rt hatte. Mit blauem Himmel und traumhaft sch\u00f6nem Sonnenschein. Die Skik\u00f6nigin wurde erneut gewissenhaft in den Zug gesetzt, um in ihr K\u00f6nigreich chauffiert zu&hellip; <span class=\"excerpt-more\">...<\/span><\/span><\/li><li class=\"listing-item\"><a class=\"title\" href=\"https:\/\/xn--lfsreisen-z7a.de\/?p=531\">Nach Kaiserwetter kommt Dreckswetter<\/a> <span class=\"date\">(23.Feb. 2016)<\/span> <span class=\"excerpt-dash\">-<\/span> <span class=\"excerpt\">Leider muss man sagen, dass die Ein-Tages-Wetter-Prognose hier vor Ort verh\u00e4ltnism\u00e4\u00dfig gut mit der Wahrheit \u00fcbereinstimmt. Das bedeutete ungl\u00fccklicherweise, dass wir nach dem traumhaften sonnigen Wetter von gestern mit ekligen&hellip; <span class=\"excerpt-more\">...<\/span><\/span><\/li><li class=\"listing-item\"><a class=\"title\" href=\"https:\/\/xn--lfsreisen-z7a.de\/?p=533\">Marillenkn\u00f6del und Quarkstopfen<\/a> <span class=\"date\">(24.Feb. 2016)<\/span> <span class=\"excerpt-dash\">-<\/span> <span class=\"excerpt\">Man sagt ja, wenn man nix mehr zu erz\u00e4hlen hat, dann spricht man \u00fcber das Wetter. Daher langweile ich Euch auch heute wieder mit einem kurzen Abriss \u00fcber das erneut&hellip; <span class=\"excerpt-more\">...<\/span><\/span><\/li><li class=\"listing-item\"><a class=\"title\" href=\"https:\/\/xn--lfsreisen-z7a.de\/?p=544\">Die Zwei-Tage-Regel<\/a> <span class=\"date\">(25.Feb. 2016)<\/span> <span class=\"excerpt-dash\">-<\/span> <span class=\"excerpt\">Wie schon gewohnt beginnen wir auch heute wieder mit dem langweiligen Wetterthema. Die \u00f6rtlichen Wetterforscher sind sich mittlerweile fast eins. Es l\u00e4sst sich kaum noch leugnen. Die Zwei-Tage-Regel manifestiert sich&hellip; <span class=\"excerpt-more\">...<\/span><\/span><\/li><li class=\"listing-item\"><a class=\"title\" href=\"https:\/\/xn--lfsreisen-z7a.de\/?p=559\">Der Rendl rockt<\/a> <span class=\"date\">(26.Feb. 2016)<\/span> <span class=\"excerpt-dash\">-<\/span> <span class=\"excerpt\">Der heutige Vormittag stand im Zeichen des Skirennens unserer Skik\u00f6nigin. Kurz nach dem Start in den Tag versammelten wir uns an der Rennstrecke und jubelten der ehemaligen Handballhoffnung zu, wie&hellip; <span class=\"excerpt-more\">...<\/span><\/span><\/li><li class=\"listing-item\"><a class=\"title\" href=\"https:\/\/xn--lfsreisen-z7a.de\/?p=2810\">51 &#8211; Die Fratze des Beelzebub<\/a> <span class=\"date\">(25.Jan. 2018)<\/span> <span class=\"excerpt-dash\">-<\/span> <span class=\"excerpt\">Nach zwei schier endlos langen Jahren kommen wir nun doch endlich mal wieder dazu, unser teuer erstandenes alpines Sportequipment wenigstens f\u00fcr ein paar wenige Tage an der frischen Luft zu&hellip; <span class=\"excerpt-more\">...<\/span><\/span><\/li><li class=\"listing-item\"><a class=\"title\" href=\"https:\/\/xn--lfsreisen-z7a.de\/?p=2818\">Gulaschtopf f\u00fcr Pelzkragensnobs<\/a> <span class=\"date\">(26.Jan. 2018)<\/span> <span class=\"excerpt-dash\">-<\/span> <span class=\"excerpt\">Der Plan ging auf. Das Wetter hielt und wir konnten bei herrlichstem Skiwetter weite Teile des riesigen Skigebiets besuchen. Von Sankt Anton aus ging es \u00fcber St\u00fcben und Z\u00fcrs nach&hellip; <span class=\"excerpt-more\">...<\/span><\/span><\/li><li class=\"listing-item\"><a class=\"title\" href=\"https:\/\/xn--lfsreisen-z7a.de\/?p=2822\">Riffel, soweit das Auge reicht<\/a> <span class=\"date\">(27.Jan. 2018)<\/span> <span class=\"excerpt-dash\">-<\/span> <span class=\"excerpt\">Der heutige Skitag war von morgens bis abends gekr\u00f6nt von allersch\u00f6nstem Sonnenschein. Zu meinem gro\u00dfen Gl\u00fcck konnte ich diesem herrlichen Naturschauspiel auch in voller G\u00e4nze beiwohnen, da wir (wie an&hellip; <span class=\"excerpt-more\">...<\/span><\/span><\/li><\/ul>\n","protected":false},"excerpt":{"rendered":"<p>Der Skiurlaub mit Familie Ratz ging 2016 nach Sankt Anton am Vorarlberg. Die einzelnen Beitr\u00e4ge aus dem Urlaub sind hier zu finden:<\/p>\n","protected":false},"author":1,"featured_media":0,"parent":0,"menu_order":0,"comment_status":"closed","ping_status":"closed","template":"","meta":{"ocean_post_layout":"","ocean_both_sidebars_style":"","ocean_both_sidebars_content_width":0,"ocean_both_sidebars_sidebars_width":0,"ocean_sidebar":"","ocean_second_sidebar":"","ocean_disable_margins":"enable","ocean_add_body_class":"","ocean_shortcode_before_top_bar":"","ocean_shortcode_after_top_bar":"","ocean_shortcode_before_header":"","ocean_shortcode_after_header":"","ocean_has_shortcode":"","ocean_shortcode_after_title":"","ocean_shortcode_before_footer_widgets":"","ocean_shortcode_after_footer_widgets":"","ocean_shortcode_before_footer_bottom":"","ocean_shortcode_after_footer_bottom":"","ocean_display_top_bar":"default","ocean_display_header":"default","ocean_header_style":"","ocean_center_header_left_menu":"","ocean_custom_header_template":"","ocean_custom_logo":0,"ocean_custom_retina_logo":0,"ocean_custom_logo_max_width":0,"ocean_custom_logo_tablet_max_width":0,"ocean_custom_logo_mobile_max_width":0,"ocean_custom_logo_max_height":0,"ocean_custom_logo_tablet_max_height":0,"ocean_custom_logo_mobile_max_height":0,"ocean_header_custom_menu":"","ocean_menu_typo_font_family":"","ocean_menu_typo_font_subset":"","ocean_menu_typo_font_size":0,"ocean_menu_typo_font_size_tablet":0,"ocean_menu_typo_font_size_mobile":0,"ocean_menu_typo_font_size_unit":"px","ocean_menu_typo_font_weight":"","ocean_menu_typo_font_weight_tablet":"","ocean_menu_typo_font_weight_mobile":"","ocean_menu_typo_transform":"","ocean_menu_typo_transform_tablet":"","ocean_menu_typo_transform_mobile":"","ocean_menu_typo_line_height":0,"ocean_menu_typo_line_height_tablet":0,"ocean_menu_typo_line_height_mobile":0,"ocean_menu_typo_line_height_unit":"","ocean_menu_typo_spacing":0,"ocean_menu_typo_spacing_tablet":0,"ocean_menu_typo_spacing_mobile":0,"ocean_menu_typo_spacing_unit":"","ocean_menu_link_color":"","ocean_menu_link_color_hover":"","ocean_menu_link_color_active":"","ocean_menu_link_background":"","ocean_menu_link_hover_background":"","ocean_menu_link_active_background":"","ocean_menu_social_links_bg":"","ocean_menu_social_hover_links_bg":"","ocean_menu_social_links_color":"","ocean_menu_social_hover_links_color":"","ocean_disable_title":"default","ocean_disable_heading":"default","ocean_post_title":"","ocean_post_subheading":"","ocean_post_title_style":"","ocean_post_title_background_color":"","ocean_post_title_background":0,"ocean_post_title_bg_image_position":"","ocean_post_title_bg_image_attachment":"","ocean_post_title_bg_image_repeat":"","ocean_post_title_bg_image_size":"","ocean_post_title_height":0,"ocean_post_title_bg_overlay":0.5,"ocean_post_title_bg_overlay_color":"","ocean_disable_breadcrumbs":"default","ocean_breadcrumbs_color":"","ocean_breadcrumbs_separator_color":"","ocean_breadcrumbs_links_color":"","ocean_breadcrumbs_links_hover_color":"","ocean_display_footer_widgets":"default","ocean_display_footer_bottom":"default","ocean_custom_footer_template":"","jetpack_post_was_ever_published":false,"footnotes":""},"class_list":["post-2020","page","type-page","status-publish","hentry","entry","has-media"],"jetpack_sharing_enabled":true,"jetpack_shortlink":"https:\/\/wp.me\/P8v7mw-wA","jetpack-related-posts":[],"_links":{"self":[{"href":"https:\/\/xn--lfsreisen-z7a.de\/index.php?rest_route=\/wp\/v2\/pages\/2020","targetHints":{"allow":["GET"]}}],"collection":[{"href":"https:\/\/xn--lfsreisen-z7a.de\/index.php?rest_route=\/wp\/v2\/pages"}],"about":[{"href":"https:\/\/xn--lfsreisen-z7a.de\/index.php?rest_route=\/wp\/v2\/types\/page"}],"author":[{"embeddable":true,"href":"https:\/\/xn--lfsreisen-z7a.de\/index.php?rest_route=\/wp\/v2\/users\/1"}],"replies":[{"embeddable":true,"href":"https:\/\/xn--lfsreisen-z7a.de\/index.php?rest_route=%2Fwp%2Fv2%2Fcomments&post=2020"}],"version-history":[{"count":2,"href":"https:\/\/xn--lfsreisen-z7a.de\/index.php?rest_route=\/wp\/v2\/pages\/2020\/revisions"}],"predecessor-version":[{"id":2026,"href":"https:\/\/xn--lfsreisen-z7a.de\/index.php?rest_route=\/wp\/v2\/pages\/2020\/revisions\/2026"}],"wp:attachment":[{"href":"https:\/\/xn--lfsreisen-z7a.de\/index.php?rest_route=%2Fwp%2Fv2%2Fmedia&parent=2020"}],"curies":[{"name":"wp","href":"https:\/\/api.w.org\/{rel}","templated":true}]}}