{"id":2016,"date":"2017-03-13T23:12:47","date_gmt":"2017-03-13T23:12:47","guid":{"rendered":"http:\/\/xn--lfsreisen-z7a.de\/?page_id=2016"},"modified":"2018-06-19T13:42:03","modified_gmt":"2018-06-19T11:42:03","slug":"korsika-2016","status":"publish","type":"page","link":"https:\/\/xn--lfsreisen-z7a.de\/?page_id=2016","title":{"rendered":"Korsika 2016"},"content":{"rendered":"<p>Im Sommer 2016 ging es zusammen mit Ute und Gerd f\u00fcr uns zum vierten Mal nach Korsika. Wie im letzten Jahr mit einem Party-Zwischenstopp in der Schweiz ging es f\u00fcr drei Wochen auf die Insel. Mit Ute und Gerd waren wir dabei zwei Wochen am Golfo di Sogno. In der letzten Woche sind wir noch quer \u00fcber die Insel gefahren.<\/p>\n<p>Die einzelnen Beitr\u00e4ge aus diesem Urlaub sind hier zu finden:<\/p>\n<h2 class=\"display-posts-title\">Sommerurlaub 2016 auf Korsika<\/h2>\n<ul class=\"display-posts-listing\"><li class=\"listing-item\"><a class=\"title\" href=\"https:\/\/xn--lfsreisen-z7a.de\/?p=1328\">Pool Party in Weggis<\/a> <span class=\"date\">(28.Aug. 2016)<\/span> <span class=\"excerpt-dash\">-<\/span> <span class=\"excerpt\">Endlich Sommerurlaub. Nach einer Woche Eingew\u00f6hnungszeit mit stetig besser werdendem Wetter und ebenso stetig steigenden Temperaturen ging es am Samstag Mittag los zu unserem ersten Zwischenstop am Vierwaldst\u00e4tter See. Sven&hellip; <span class=\"excerpt-more\">...<\/span><\/span><\/li><li class=\"listing-item\"><a class=\"title\" href=\"https:\/\/xn--lfsreisen-z7a.de\/?p=1330\">Hast Du ein Klo, bist Du froh<\/a> <span class=\"date\">(29.Aug. 2016)<\/span> <span class=\"excerpt-dash\">-<\/span> <span class=\"excerpt\">Nach einem ausgiebigen Fr\u00fchst\u00fcck mit den anderen \u00dcbernachtungsg\u00e4sten und einer weiteren SUP-Runde auf dem See machten wir uns dann gegen drei Uhr auf die Reise zur F\u00e4hre nach Livorno. Im&hellip; <span class=\"excerpt-more\">...<\/span><\/span><\/li><li class=\"listing-item\"><a class=\"title\" href=\"https:\/\/xn--lfsreisen-z7a.de\/?p=1332\">SUP f\u00fcr Anf\u00e4nger<\/a> <span class=\"date\">(30.Aug. 2016)<\/span> <span class=\"excerpt-dash\">-<\/span> <span class=\"excerpt\">Was bei der Erziehung von heranwachsenden, wissbegierigen Kindern alles schief laufen kann, bekamen wir auf der F\u00e4hr\u00fcberfahrt auch noch vorgef\u00fchrt. Eine deutsche Familie mit drei Kindern kam an unserem Platz&hellip; <span class=\"excerpt-more\">...<\/span><\/span><\/li><li class=\"listing-item\"><a class=\"title\" href=\"https:\/\/xn--lfsreisen-z7a.de\/?p=1335\">Stellplatzroulette<\/a> <span class=\"date\">(31.Aug. 2016)<\/span> <span class=\"excerpt-dash\">-<\/span> <span class=\"excerpt\">Das bisschen Rumpaddeln am Nachmittag habe ich dann aber am n\u00e4chsten Morgen deutlich gesp\u00fcrt. Der Versuch ein wackeliges Board auf welligem und nassem Untergrund im Stand in der Waagerechten zu&hellip; <span class=\"excerpt-more\">...<\/span><\/span><\/li><li class=\"listing-item\"><a class=\"title\" href=\"https:\/\/xn--lfsreisen-z7a.de\/?p=1351\">Boot kaputt, Boot heile<\/a> <span class=\"date\">(01.Sep. 2016)<\/span> <span class=\"excerpt-dash\">-<\/span> <span class=\"excerpt\">Am sp\u00e4ten Nachmittag kam dann die Hiobsbotschaft. Der gef\u00fcllte Tank konnte das Problem am Boot genauso wenig l\u00f6sen wie die mehr oder weniger hilfsbereiten Mechaniker in der Bucht von Porto&hellip; <span class=\"excerpt-more\">...<\/span><\/span><\/li><li class=\"listing-item\"><a class=\"title\" href=\"https:\/\/xn--lfsreisen-z7a.de\/?p=1352\">Bonifacio<\/a> <span class=\"date\">(02.Sep. 2016)<\/span> <span class=\"excerpt-dash\">-<\/span> <span class=\"excerpt\">Endlich mal wieder eine Nacht mit l\u00e4rmenden Nachbarn. Wider Erwarten, dank unserer \u00fcber lange Zeit herausgearbeiteten Vorurteile, waren es dieses Mal aber gar keine osteurop\u00e4ischen Amateurcamper, sondern ganz normale deutsche&hellip; <span class=\"excerpt-more\">...<\/span><\/span><\/li><li class=\"listing-item\"><a class=\"title\" href=\"https:\/\/xn--lfsreisen-z7a.de\/?p=1355\">Wassersport<\/a> <span class=\"date\">(05.Sep. 2016)<\/span> <span class=\"excerpt-dash\">-<\/span> <span class=\"excerpt\">Der lange Bootstrip nach Bonifacio lie\u00df es uns am folgenden Tag wieder etwas ruhiger angehen. Theoretisch. Denn als ich nichtsahnend im fr\u00fchen Morgengrauen schlaftrunken vom Waschhaus wieder zum Bulli kam,&hellip; <span class=\"excerpt-more\">...<\/span><\/span><\/li><li class=\"listing-item\"><a class=\"title\" href=\"https:\/\/xn--lfsreisen-z7a.de\/?p=1361\">Der Abschied<\/a> <span class=\"date\">(09.Sep. 2016)<\/span> <span class=\"excerpt-dash\">-<\/span> <span class=\"excerpt\">Am Ende unserer Zeit am Golfo di Sogno kam der Wind. Und mit dem Wind dann auch die Wellen. In der gesch\u00fctzten Bucht direkt am Campingplatz war von den Wellen&hellip; <span class=\"excerpt-more\">...<\/span><\/span><\/li><li class=\"listing-item\"><a class=\"title\" href=\"https:\/\/xn--lfsreisen-z7a.de\/?p=1367\">Die Bucht, die sich nicht lohnt<\/a> <span class=\"date\">(10.Sep. 2016)<\/span> <span class=\"excerpt-dash\">-<\/span> <span class=\"excerpt\">Nach der Verabschiedung mussten wir zur Ablenkung erstmal unsere Vorr\u00e4te wieder ein wenig auff\u00fcllen. Der erste Weg f\u00fchrte also in den Supermarkt. Nachdem ich schon dreimal dran vorbei gegangen war,&hellip; <span class=\"excerpt-more\">...<\/span><\/span><\/li><li class=\"listing-item\"><a class=\"title\" href=\"https:\/\/xn--lfsreisen-z7a.de\/?p=1372\">Die Bucht lohnt sich schon<\/a> <span class=\"date\">(13.Sep. 2016)<\/span> <span class=\"excerpt-dash\">-<\/span> <span class=\"excerpt\">Um ein wenig Strecke hinter uns zu bringen, war unser n\u00e4chster anvisierter Zielpunkt der Plage d'Arone. Den Campingplatz und die Bucht kannten wir noch von unserem ersten Aufenthalt auf Korsika,&hellip; <span class=\"excerpt-more\">...<\/span><\/span><\/li><li class=\"listing-item\"><a class=\"title\" href=\"https:\/\/xn--lfsreisen-z7a.de\/?p=1374\">In die Berge<\/a> <span class=\"date\">(14.Sep. 2016)<\/span> <span class=\"excerpt-dash\">-<\/span> <span class=\"excerpt\">Der Tag begann mit dem Unaussprechlichen. Etwas, dass nicht h\u00e4tte passieren d\u00fcrfen. Womit aber auch niemand rechnen konnte. Bei der Fahrt vom Waschhaus zur Rezeption zum Bezahlen des Platzes fuhr&hellip; <span class=\"excerpt-more\">...<\/span><\/span><\/li><li class=\"listing-item\"><a class=\"title\" href=\"https:\/\/xn--lfsreisen-z7a.de\/?p=1376\">Cap Corse<\/a> <span class=\"date\">(15.Sep. 2016)<\/span> <span class=\"excerpt-dash\">-<\/span> <span class=\"excerpt\">Heideblitz! Was diese kleine Insel landschaftlich zu bieten hat, ist wahrhaft ein Traum. Bei aller Liebe, da kann Sardinien aber echt einpacken. Was haben wir im letzten Jahr f\u00fcr lange&hellip; <span class=\"excerpt-more\">...<\/span><\/span><\/li><li class=\"listing-item\"><a class=\"title\" href=\"https:\/\/xn--lfsreisen-z7a.de\/?p=1378\">Die letzten Tage<\/a> <span class=\"date\">(17.Sep. 2016)<\/span> <span class=\"excerpt-dash\">-<\/span> <span class=\"excerpt\">Der Platz in Pietracorbara bietet nicht nur gro\u00dfz\u00fcgig parzellierte und schattige Parzellen an, sondern auch eine sehr gro\u00dfe saftige Wiese mit vereinzeltem Baumbestand, auf der sich die Wohnmobile stellen d\u00fcrfen&hellip; <span class=\"excerpt-more\">...<\/span><\/span><\/li><li class=\"listing-item\"><a class=\"title\" href=\"https:\/\/xn--lfsreisen-z7a.de\/?p=1384\">06:13 Uhr<\/a> <span class=\"date\">(18.Sep. 2016)<\/span> <span class=\"excerpt-dash\">-<\/span> <span class=\"excerpt\">Am letzten Abend g\u00f6nnten wir uns nochmal eine Pizza aus dem Restaurant am Platz zum Mitnehmen. Das sparte uns das Kochen und einen gro\u00dfen Teil des Abwaschs. Es w\u00e4re auch&hellip; <span class=\"excerpt-more\">...<\/span><\/span><\/li><\/ul>\n","protected":false},"excerpt":{"rendered":"<p>Im Sommer 2016 ging es zusammen mit Ute und Gerd f\u00fcr uns zum vierten Mal nach Korsika. Wie im letzten Jahr mit einem Party-Zwischenstopp in der Schweiz ging es f\u00fcr drei Wochen auf die Insel. Mit Ute und Gerd waren wir dabei zwei Wochen am Golfo di Sogno. In der letzten Woche sind wir noch [&hellip;]<\/p>\n","protected":false},"author":1,"featured_media":0,"parent":0,"menu_order":0,"comment_status":"closed","ping_status":"closed","template":"","meta":{"ocean_post_layout":"","ocean_both_sidebars_style":"","ocean_both_sidebars_content_width":0,"ocean_both_sidebars_sidebars_width":0,"ocean_sidebar":"","ocean_second_sidebar":"","ocean_disable_margins":"enable","ocean_add_body_class":"","ocean_shortcode_before_top_bar":"","ocean_shortcode_after_top_bar":"","ocean_shortcode_before_header":"","ocean_shortcode_after_header":"","ocean_has_shortcode":"","ocean_shortcode_after_title":"","ocean_shortcode_before_footer_widgets":"","ocean_shortcode_after_footer_widgets":"","ocean_shortcode_before_footer_bottom":"","ocean_shortcode_after_footer_bottom":"","ocean_display_top_bar":"default","ocean_display_header":"default","ocean_header_style":"","ocean_center_header_left_menu":"","ocean_custom_header_template":"","ocean_custom_logo":0,"ocean_custom_retina_logo":0,"ocean_custom_logo_max_width":0,"ocean_custom_logo_tablet_max_width":0,"ocean_custom_logo_mobile_max_width":0,"ocean_custom_logo_max_height":0,"ocean_custom_logo_tablet_max_height":0,"ocean_custom_logo_mobile_max_height":0,"ocean_header_custom_menu":"","ocean_menu_typo_font_family":"","ocean_menu_typo_font_subset":"","ocean_menu_typo_font_size":0,"ocean_menu_typo_font_size_tablet":0,"ocean_menu_typo_font_size_mobile":0,"ocean_menu_typo_font_size_unit":"px","ocean_menu_typo_font_weight":"","ocean_menu_typo_font_weight_tablet":"","ocean_menu_typo_font_weight_mobile":"","ocean_menu_typo_transform":"","ocean_menu_typo_transform_tablet":"","ocean_menu_typo_transform_mobile":"","ocean_menu_typo_line_height":0,"ocean_menu_typo_line_height_tablet":0,"ocean_menu_typo_line_height_mobile":0,"ocean_menu_typo_line_height_unit":"","ocean_menu_typo_spacing":0,"ocean_menu_typo_spacing_tablet":0,"ocean_menu_typo_spacing_mobile":0,"ocean_menu_typo_spacing_unit":"","ocean_menu_link_color":"","ocean_menu_link_color_hover":"","ocean_menu_link_color_active":"","ocean_menu_link_background":"","ocean_menu_link_hover_background":"","ocean_menu_link_active_background":"","ocean_menu_social_links_bg":"","ocean_menu_social_hover_links_bg":"","ocean_menu_social_links_color":"","ocean_menu_social_hover_links_color":"","ocean_disable_title":"default","ocean_disable_heading":"default","ocean_post_title":"","ocean_post_subheading":"","ocean_post_title_style":"","ocean_post_title_background_color":"","ocean_post_title_background":0,"ocean_post_title_bg_image_position":"","ocean_post_title_bg_image_attachment":"","ocean_post_title_bg_image_repeat":"","ocean_post_title_bg_image_size":"","ocean_post_title_height":0,"ocean_post_title_bg_overlay":0.5,"ocean_post_title_bg_overlay_color":"","ocean_disable_breadcrumbs":"default","ocean_breadcrumbs_color":"","ocean_breadcrumbs_separator_color":"","ocean_breadcrumbs_links_color":"","ocean_breadcrumbs_links_hover_color":"","ocean_display_footer_widgets":"default","ocean_display_footer_bottom":"default","ocean_custom_footer_template":"","jetpack_post_was_ever_published":false,"footnotes":""},"class_list":["post-2016","page","type-page","status-publish","hentry","entry"],"jetpack_sharing_enabled":true,"jetpack_shortlink":"https:\/\/wp.me\/P8v7mw-ww","jetpack-related-posts":[],"_links":{"self":[{"href":"https:\/\/xn--lfsreisen-z7a.de\/index.php?rest_route=\/wp\/v2\/pages\/2016","targetHints":{"allow":["GET"]}}],"collection":[{"href":"https:\/\/xn--lfsreisen-z7a.de\/index.php?rest_route=\/wp\/v2\/pages"}],"about":[{"href":"https:\/\/xn--lfsreisen-z7a.de\/index.php?rest_route=\/wp\/v2\/types\/page"}],"author":[{"embeddable":true,"href":"https:\/\/xn--lfsreisen-z7a.de\/index.php?rest_route=\/wp\/v2\/users\/1"}],"replies":[{"embeddable":true,"href":"https:\/\/xn--lfsreisen-z7a.de\/index.php?rest_route=%2Fwp%2Fv2%2Fcomments&post=2016"}],"version-history":[{"count":4,"href":"https:\/\/xn--lfsreisen-z7a.de\/index.php?rest_route=\/wp\/v2\/pages\/2016\/revisions"}],"predecessor-version":[{"id":2988,"href":"https:\/\/xn--lfsreisen-z7a.de\/index.php?rest_route=\/wp\/v2\/pages\/2016\/revisions\/2988"}],"wp:attachment":[{"href":"https:\/\/xn--lfsreisen-z7a.de\/index.php?rest_route=%2Fwp%2Fv2%2Fmedia&parent=2016"}],"curies":[{"name":"wp","href":"https:\/\/api.w.org\/{rel}","templated":true}]}}