{"id":2007,"date":"2017-03-13T22:48:38","date_gmt":"2017-03-13T22:48:38","guid":{"rendered":"http:\/\/xn--lfsreisen-z7a.de\/?page_id=2007"},"modified":"2017-03-13T23:06:17","modified_gmt":"2017-03-13T23:06:17","slug":"sardinien-2015","status":"publish","type":"page","link":"https:\/\/xn--lfsreisen-z7a.de\/?page_id=2007","title":{"rendered":"Sardinien 2015"},"content":{"rendered":"<p>Im Sommer 2015 haben wir unseren ersten gro\u00dfen Urlaub mit dem Spacecamper gemacht. Die Reise ging f\u00fcr lediglich drei kurze Wochen \u00fcber Z\u00fcrich, wo wir zum Auftakt unseres Urlaubs die Hochzeit von Ute und Rene auf dem \u00dctliberg gefeiert haben, nach Sardinien.<\/p>\n<p>Die einzelnen Beitr\u00e4ge aus diesem Urlaub sind hier zu finden:<\/p>\n<h2 class=\"display-posts-title\">Sommerurlaub 2015 auf Sardinien<\/h2>\n<ul class=\"display-posts-listing\"><li class=\"listing-item\"><a class=\"title\" href=\"https:\/\/xn--lfsreisen-z7a.de\/?p=9\">Freunde des Sommerurlaubs<\/a> <span class=\"date\">(18.Sep. 2015)<\/span> <span class=\"excerpt-dash\">-<\/span> <span class=\"excerpt\">Wir sind am Montag\u00a0nach einem H\u00f6llenritt durch sintflutartige Regenf\u00e4lle \u00fcber den Appenin auf der Insel angekommen. Man k\u00f6nnte fast sagen,&hellip; <span class=\"excerpt-more\">...<\/span><\/span><\/li><li class=\"listing-item\"><a class=\"title\" href=\"https:\/\/xn--lfsreisen-z7a.de\/?p=40\">Update<\/a> <span class=\"date\">(21.Sep. 2015)<\/span> <span class=\"excerpt-dash\">-<\/span> <span class=\"excerpt\">Hier nur ein kurzes Update kurz vor der Abreise vom n\u00e4chsten Campingplatz. Wir waren gerade auf dem bisher teuersten und&hellip; <span class=\"excerpt-more\">...<\/span><\/span><\/li><li class=\"listing-item\"><a class=\"title\" href=\"https:\/\/xn--lfsreisen-z7a.de\/?p=42\">Nach S\u00fcden kommt Westen<\/a> <span class=\"date\">(23.Sep. 2015)<\/span> <span class=\"excerpt-dash\">-<\/span> <span class=\"excerpt\">Jetzt sind wir bereits \u00fcber eine Woche auf der Insel und sind nun ganz im S\u00fcden der Ostk\u00fcste angekommen. Die&hellip; <span class=\"excerpt-more\">...<\/span><\/span><\/li><li class=\"listing-item\"><a class=\"title\" href=\"https:\/\/xn--lfsreisen-z7a.de\/?p=44\">Nachschlag dank WLAN<\/a> <span class=\"date\">(23.Sep. 2015)<\/span> <span class=\"excerpt-dash\">-<\/span> <span class=\"excerpt\">Auch einen Tag ohne nennenswerte Sonnenstunden kann man sinnvoll nutzen. Zum Beispiel indem man sich in die tosenden Fluten st\u00fcrzt.&hellip; <span class=\"excerpt-more\">...<\/span><\/span><\/li><li class=\"listing-item\"><a class=\"title\" href=\"https:\/\/xn--lfsreisen-z7a.de\/?p=50\">Im Norden<\/a> <span class=\"date\">(26.Sep. 2015)<\/span> <span class=\"excerpt-dash\">-<\/span> <span class=\"excerpt\">Es sieht so aus als w\u00e4ren wir einer weiteren internationalen Verschw\u00f6rung auf der Spur. Die Theorie, dass Italien das vermeintliche&hellip; <span class=\"excerpt-more\">...<\/span><\/span><\/li><li class=\"listing-item\"><a class=\"title\" href=\"https:\/\/xn--lfsreisen-z7a.de\/?p=52\">Pizza in Palau<\/a> <span class=\"date\">(28.Sep. 2015)<\/span> <span class=\"excerpt-dash\">-<\/span> <span class=\"excerpt\">Hier in Palau passieren Dinge, die k\u00f6nnte sich auch ein Ian Flemming in seinen James Bond Episoden nicht besser ausdenken.&hellip; <span class=\"excerpt-more\">...<\/span><\/span><\/li><li class=\"listing-item\"><a class=\"title\" href=\"https:\/\/xn--lfsreisen-z7a.de\/?p=59\">Ich liebe es, wenn ein Plan funktioniert<\/a> <span class=\"date\">(30.Sep. 2015)<\/span> <span class=\"excerpt-dash\">-<\/span> <span class=\"excerpt\">Am Ende kommt es doch immer ganz anders. Auf Sardinien scheint tats\u00e4chlich doch noch vor unserer Abreise so etwas wie&hellip; <span class=\"excerpt-more\">...<\/span><\/span><\/li><li class=\"listing-item\"><a class=\"title\" href=\"https:\/\/xn--lfsreisen-z7a.de\/?p=65\">Abschluss<\/a> <span class=\"date\">(04.Okt. 2015)<\/span> <span class=\"excerpt-dash\">-<\/span> <span class=\"excerpt\">Es war eine st\u00fcrmische und regnerische Nacht. Das Sonnensegel, welches wir als Regendach vor den Bus gespannt hatten, zog in&hellip; <span class=\"excerpt-more\">...<\/span><\/span><\/li><\/ul>\n<p>Einige der besuchten Campingpl\u00e4tze haben wir hier aufgelistet und kurz beschrieben:<\/p>\n<ul class=\"display-posts-listing\"><li class=\"listing-item\"><a class=\"title\" href=\"https:\/\/xn--lfsreisen-z7a.de\/?p=847\">Camping Tiliguerta (Capo Ferrato, Sardinien)<\/a> <span class=\"excerpt-dash\">-<\/span> <span class=\"excerpt\">LAGE: Gro\u00dfes, flaches Gel\u00e4nde mit teils mehr, teils weniger schattigen Pl\u00e4tzen. Der Campingplatz liegt direkt&hellip; <span class=\"excerpt-more\">...<\/span><\/span><\/li><li class=\"listing-item\"><a class=\"title\" href=\"https:\/\/xn--lfsreisen-z7a.de\/?p=845\">Camping Spiaggia del Riso (Villasimius, Sardinien)<\/a> <span class=\"excerpt-dash\">-<\/span> <span class=\"excerpt\">LAGE: Unebenes Gel\u00e4nde im ersten Teil unter B\u00e4umen, im hinteren Teil mit wenig Schatten, in&hellip; <span class=\"excerpt-more\">...<\/span><\/span><\/li><li class=\"listing-item\"><a class=\"title\" href=\"https:\/\/xn--lfsreisen-z7a.de\/?p=839\">Camping Is Arenas (Is Arenas, Sardinien)<\/a> <span class=\"excerpt-dash\">-<\/span> <span class=\"excerpt\">LAGE: Welliges und waldiges Gel\u00e4nde mit viel Schatten. Direkter Zugang \u00fcber einen eigenen Holzsteg \u00fcber&hellip; <span class=\"excerpt-more\">...<\/span><\/span><\/li><li class=\"listing-item\"><a class=\"title\" href=\"https:\/\/xn--lfsreisen-z7a.de\/?p=834\">Camping Baia Saraceno (Palau, Sardinien)<\/a> <span class=\"excerpt-dash\">-<\/span> <span class=\"excerpt\">LAGE: Terassiertes Gel\u00e4nde direkt am Wasser in Richtung der vorgelagerten Inseln um La Maddalena, ohne&hellip; <span class=\"excerpt-more\">...<\/span><\/span><\/li><li class=\"listing-item\"><a class=\"title\" href=\"https:\/\/xn--lfsreisen-z7a.de\/?p=830\">Camping La Liccia (Santa Teresa di Gallura, Sardinien)<\/a> <span class=\"excerpt-dash\">-<\/span> <span class=\"excerpt\">LAGE: Auf einem H\u00fcgel gelegen, dem Wind ausgesetzt, deutlich oberhalb vom Strand. Der Weg zum&hellip; <span class=\"excerpt-more\">...<\/span><\/span><\/li><li class=\"listing-item\"><a class=\"title\" href=\"https:\/\/xn--lfsreisen-z7a.de\/?p=783\">Camping San Teodoro La Cinta (San Teodoro, Sardinien)<\/a> <span class=\"excerpt-dash\">-<\/span> <span class=\"excerpt\">LAGE: Eine gro\u00dfe Fl\u00e4che direkt am Meer, die zum Strand hin eher wenig Schatten bietet.&hellip; <span class=\"excerpt-more\">...<\/span><\/span><\/li><\/ul>\n","protected":false},"excerpt":{"rendered":"<p>Im Sommer 2015 haben wir unseren ersten gro\u00dfen Urlaub mit dem Spacecamper gemacht. Die Reise ging f\u00fcr lediglich drei kurze Wochen \u00fcber Z\u00fcrich, wo wir zum Auftakt unseres Urlaubs die Hochzeit von Ute und Rene auf dem \u00dctliberg gefeiert haben, nach Sardinien. Die einzelnen Beitr\u00e4ge aus diesem Urlaub sind hier zu finden: Einige der besuchten [&hellip;]<\/p>\n","protected":false},"author":1,"featured_media":0,"parent":0,"menu_order":0,"comment_status":"closed","ping_status":"closed","template":"","meta":{"ocean_post_layout":"","ocean_both_sidebars_style":"","ocean_both_sidebars_content_width":0,"ocean_both_sidebars_sidebars_width":0,"ocean_sidebar":"","ocean_second_sidebar":"","ocean_disable_margins":"enable","ocean_add_body_class":"","ocean_shortcode_before_top_bar":"","ocean_shortcode_after_top_bar":"","ocean_shortcode_before_header":"","ocean_shortcode_after_header":"","ocean_has_shortcode":"","ocean_shortcode_after_title":"","ocean_shortcode_before_footer_widgets":"","ocean_shortcode_after_footer_widgets":"","ocean_shortcode_before_footer_bottom":"","ocean_shortcode_after_footer_bottom":"","ocean_display_top_bar":"default","ocean_display_header":"default","ocean_header_style":"","ocean_center_header_left_menu":"","ocean_custom_header_template":"","ocean_custom_logo":0,"ocean_custom_retina_logo":0,"ocean_custom_logo_max_width":0,"ocean_custom_logo_tablet_max_width":0,"ocean_custom_logo_mobile_max_width":0,"ocean_custom_logo_max_height":0,"ocean_custom_logo_tablet_max_height":0,"ocean_custom_logo_mobile_max_height":0,"ocean_header_custom_menu":"","ocean_menu_typo_font_family":"","ocean_menu_typo_font_subset":"","ocean_menu_typo_font_size":0,"ocean_menu_typo_font_size_tablet":0,"ocean_menu_typo_font_size_mobile":0,"ocean_menu_typo_font_size_unit":"px","ocean_menu_typo_font_weight":"","ocean_menu_typo_font_weight_tablet":"","ocean_menu_typo_font_weight_mobile":"","ocean_menu_typo_transform":"","ocean_menu_typo_transform_tablet":"","ocean_menu_typo_transform_mobile":"","ocean_menu_typo_line_height":0,"ocean_menu_typo_line_height_tablet":0,"ocean_menu_typo_line_height_mobile":0,"ocean_menu_typo_line_height_unit":"","ocean_menu_typo_spacing":0,"ocean_menu_typo_spacing_tablet":0,"ocean_menu_typo_spacing_mobile":0,"ocean_menu_typo_spacing_unit":"","ocean_menu_link_color":"","ocean_menu_link_color_hover":"","ocean_menu_link_color_active":"","ocean_menu_link_background":"","ocean_menu_link_hover_background":"","ocean_menu_link_active_background":"","ocean_menu_social_links_bg":"","ocean_menu_social_hover_links_bg":"","ocean_menu_social_links_color":"","ocean_menu_social_hover_links_color":"","ocean_disable_title":"default","ocean_disable_heading":"default","ocean_post_title":"","ocean_post_subheading":"","ocean_post_title_style":"","ocean_post_title_background_color":"","ocean_post_title_background":0,"ocean_post_title_bg_image_position":"","ocean_post_title_bg_image_attachment":"","ocean_post_title_bg_image_repeat":"","ocean_post_title_bg_image_size":"","ocean_post_title_height":0,"ocean_post_title_bg_overlay":0.5,"ocean_post_title_bg_overlay_color":"","ocean_disable_breadcrumbs":"default","ocean_breadcrumbs_color":"","ocean_breadcrumbs_separator_color":"","ocean_breadcrumbs_links_color":"","ocean_breadcrumbs_links_hover_color":"","ocean_display_footer_widgets":"default","ocean_display_footer_bottom":"default","ocean_custom_footer_template":"","jetpack_post_was_ever_published":false,"footnotes":""},"class_list":["post-2007","page","type-page","status-publish","hentry","entry"],"jetpack_sharing_enabled":true,"jetpack_shortlink":"https:\/\/wp.me\/P8v7mw-wn","jetpack-related-posts":[],"_links":{"self":[{"href":"https:\/\/xn--lfsreisen-z7a.de\/index.php?rest_route=\/wp\/v2\/pages\/2007","targetHints":{"allow":["GET"]}}],"collection":[{"href":"https:\/\/xn--lfsreisen-z7a.de\/index.php?rest_route=\/wp\/v2\/pages"}],"about":[{"href":"https:\/\/xn--lfsreisen-z7a.de\/index.php?rest_route=\/wp\/v2\/types\/page"}],"author":[{"embeddable":true,"href":"https:\/\/xn--lfsreisen-z7a.de\/index.php?rest_route=\/wp\/v2\/users\/1"}],"replies":[{"embeddable":true,"href":"https:\/\/xn--lfsreisen-z7a.de\/index.php?rest_route=%2Fwp%2Fv2%2Fcomments&post=2007"}],"version-history":[{"count":3,"href":"https:\/\/xn--lfsreisen-z7a.de\/index.php?rest_route=\/wp\/v2\/pages\/2007\/revisions"}],"predecessor-version":[{"id":2012,"href":"https:\/\/xn--lfsreisen-z7a.de\/index.php?rest_route=\/wp\/v2\/pages\/2007\/revisions\/2012"}],"wp:attachment":[{"href":"https:\/\/xn--lfsreisen-z7a.de\/index.php?rest_route=%2Fwp%2Fv2%2Fmedia&parent=2007"}],"curies":[{"name":"wp","href":"https:\/\/api.w.org\/{rel}","templated":true}]}}